{"id":16,"date":"2020-12-19T21:19:19","date_gmt":"2020-12-19T20:19:19","guid":{"rendered":"https:\/\/www.zelenysen.sk\/?page_id=16"},"modified":"2026-03-21T19:10:41","modified_gmt":"2026-03-21T18:10:41","slug":"ambulancia-fblr","status":"publish","type":"page","link":"https:\/\/www.zelenysen.sk\/en\/ambulancia-fblr\/","title":{"rendered":"Ambulance"},"content":{"rendered":"<div class=\"wpb-content-wrapper\"><p>[vc_row css=&#8221;.vc_custom_1608571881011{margin-top: -50px !important;border-top-width: 1px !important;border-right-width: 1px !important;border-bottom-width: 1px !important;border-left-width: 1px !important;padding-top: 0px !important;background-color: #ffffff !important;border-left-color: #d9deda !important;border-left-style: solid !important;border-right-color: #d9deda !important;border-right-style: solid !important;border-top-color: #d9deda !important;border-top-style: solid !important;border-bottom-color: #d9deda !important;border-bottom-style: solid !important;border-radius: 5px !important;}&#8221;][vc_column css=&#8221;.vc_custom_1608560194424{margin-top: 0px !important;margin-bottom: 0px !important;border-top-width: 0px !important;border-bottom-width: 0px !important;padding-top: 0px !important;padding-bottom: 0px !important;}&#8221;][vc_row_inner css=&#8221;.vc_custom_1608560000949{margin-top: 0px !important;border-top-width: 0px !important;border-bottom-width: 1px !important;padding-top: 0px !important;background-color: #f2f2f2 !important;border-top-color: #d9deda !important;border-top-style: solid !important;border-bottom-color: #d9deda !important;border-bottom-style: solid !important;}&#8221;][vc_column_inner css=&#8221;.vc_custom_1608560097968{margin-top: 0px !important;margin-bottom: 0px !important;border-top-width: 0px !important;border-bottom-width: 0px !important;padding-top: 0px !important;padding-bottom: 0px !important;}&#8221;]<style type=\"text\/css\" data-type=\"the7_shortcodes-inline-css\">.dt-breadcrumbs-id-9ad02a9d71a1e3ed7cff9571e540fdae .breadcrumbs {\n  display: inline-block;\n  margin: 0;\n  padding: 10px 10px 10px 10px;\n  border: 1px solid #f2f2f2;\n  border-radius: 0px;\n}\n.dt-breadcrumbs-id-9ad02a9d71a1e3ed7cff9571e540fdae .breadcrumbs * {\n  font-size: 14px;\n  line-height: 14px;\n  font-weight: bold;\n  text-transform: uppercase;\n  color: #353535;\n}\n<\/style><div class=\"dt-breadcrumbs-shortcode dt-breadcrumbs-id-9ad02a9d71a1e3ed7cff9571e540fdae align-left\"><div class=\"assistive-text\">You are here:<\/div><ol class=\"breadcrumbs text-small\" itemscope itemtype=\"https:\/\/schema.org\/BreadcrumbList\"><li itemprop=\"itemListElement\" itemscope itemtype=\"https:\/\/schema.org\/ListItem\"><a itemprop=\"item\" href=\"https:\/\/www.zelenysen.sk\/en\/\" title=\"Home\"><span itemprop=\"name\">Home<\/span><\/a><meta itemprop=\"position\" content=\"1\" \/><\/li><li class=\"current\" itemprop=\"itemListElement\" itemscope itemtype=\"https:\/\/schema.org\/ListItem\"><span itemprop=\"name\">Page<\/span><meta itemprop=\"position\" content=\"2\" \/><\/li><\/ol><\/div>[\/vc_column_inner][\/vc_row_inner][vc_row_inner][vc_column_inner width=&#8221;1\/3&#8243;][vc_widget_sidebar sidebar_id=&#8221;sidebar_4&#8243;][\/vc_column_inner][vc_column_inner width=&#8221;2\/3&#8243;][vc_column_text]<\/p>\n<h1>Ambulancia FBLR<\/h1>\n<p>[\/vc_column_text][vc_column_text css=&#8221;&#8221;]Ambulancia fyziatrie, balneol\u00f3gie a lie\u010debnej rehabilit\u00e1cie poskytuje komplexn\u00fa rehabilita\u010dn\u00fa prevent\u00edvnu a lie\u010debn\u00fa starostlivos\u0165 ( po \u00farazoch, oper\u00e1ci\u00e1ch pohybov\u00e9ho apar\u00e1tu, degenerat\u00edvnych, neurologick\u00fdch ochoreniach)<\/p>\n<h3>Lek\u00e1ri:<\/h3>\n<p>MUDr. Dagmar Balkov\u00e1<br \/>\nMUDr. Roman Bedn\u00e1r, PhD.<\/p>\n<p>telefonick\u00fd kontakt: 048\/4716229<br \/>\ntelefonick\u00fd kontakt: 048\/4716224 objedn\u00e1vanie pacientov<\/p>\n<h3>Ordina\u010dn\u00e9 hodiny:<\/h3>\n<p><b>pondelok &#8211; piatok:<\/b><br \/>\n07.30 \u2013 15.30<\/p>\n<p>Poradenstvo a v\u0161eobecn\u00e9 inform\u00e1cie poskytne ved\u00faca sestra RHB oddelenia pri ambulancii FBLR.<\/p>\n<h3>Ved\u00faca sestra RHB oddelenia<\/h3>\n<p>Mgr. Lenka Harmanov\u00e1, Diplomovan\u00fd fyzioterapeut<\/p>\n<p>telefonick\u00fd kontakt: 0910 912 702<\/p>\n<h2>NOVINKA FBLR AMBULANCIE<\/h2>\n<h3>Tejpovanie<\/h3>\n<p>terapeutick\u00e1 met\u00f3da pou\u017e\u00edvan\u00e1 pri probl\u00e9moch pohybov\u00e9ho \u00fastrojenstva. Vyu\u017e\u00edva sa pri ak\u00fatnych ale aj chronick\u00fdch ochoreniach k\u013abov a cel\u00e9ho pohybov\u00e9ho apar\u00e1tu.<\/p>\n<p>Objedn\u00e1vanie na proced\u00faru vopred v poobed\u0148aj\u0161\u00edch hodin\u00e1ch u p. Lenky&nbsp; Harmanovej, na tel. \u010d\u00edsle 0910 912 702<\/p>\n<p>Proced\u00fara nie je hraden\u00e1 pois\u0165ov\u0148ami. Pacienti si ju hradia ako samoplatcovia 1meter tejpovacej p\u00e1sky \/ 10 \u20ac<\/p>\n<h3>LASER<\/h3>\n<p>terapia laserom je jedna z najmodernej\u0161\u00edch nebolestiv\u00fdch a neinvaz\u00edvnych met\u00f3d lie\u010dby pohybov\u00e9ho apar\u00e1tu. Na h\u013abkov\u00fa laseroterapiu vyu\u017e\u00edvame&nbsp; pr\u00edstroj Light Force FXi. V\u010faka \u010domu je terapia bezbolestn\u00e1, r\u00fdchla a \u00fa\u010dinn\u00e1. Laseroterapiu&nbsp; vykon\u00e1va lek\u00e1r FBLR ambulancie.<\/p>\n<p>Indik\u00e1cie laseroterapie &#8211; bolestiv\u00e9 stavy chrbtice[\/vc_column_text]<div class=\"standard-arrow bullet-top\"><ul>\n<li>ak\u00fatne a chronick\u00e9 ochorenie medzistavcov\u00fdch platni\u010diek<\/li>\n<li>z\u00e1palov\u00e9 a degenerat\u00edvne ochorenia pohybov\u00e9ho apar\u00e1tu<\/li>\n<li>bolesti hlavy z kr\u010dnej chrbtice<\/li>\n<li>syndr\u00f3m karp\u00e1lneho tunela<\/li>\n<li>bolesti hlavy z kr\u010dnej chrbtice<\/li>\n<li>poopera\u010dn\u00e9 jazvy<\/li>\n<\/ul>\n<\/div>[vc_column_text]Cenn\u00edk laseroterapie\u00a0 \u2013 mo\u017enos\u0165 objedna\u0165 sa ako samoplatca\u00a0 od 4 \u2013 10 min\u00fat \/ 15 \u20ac<\/p>\n<p>V\u0161eobecn\u00e1 zdravotn\u00e1 pois\u0165ov\u0148a a pois\u0165ov\u0148a D\u00f4vera schva\u013euje 10\u00a0proced\u00far<\/p>\n<p>Objedn\u00e1vanie na proced\u00faru vopred v poobed\u0148aj\u0161\u00edch hodin\u00e1ch u p. Lenky\u00a0 Harmanovej, na tel. \u010d\u00edsle 0910 912 702<\/p>\n<h2>Oznam<\/h2>\n<p>Ambulancia FBLR\u00a0 oznamuje pacientom, \u017ee disponuje nov\u00fdm lie\u010debno \u2013 rehabilita\u010dn\u00fdm pr\u00edstrojom REBOX. Rebox je ur\u010den\u00fd na lie\u010dbu a diagnostiku por\u00fach pohybov\u00e9ho apar\u00e1tu a neurologick\u00fdch ochoren\u00ed.<\/p>\n<p>Objedna\u0165 sa je mo\u017en\u00e9 na FBLR ambulancii.[\/vc_column_text][vc_masonry_media_grid gap=&#8221;2&#8243; grid_id=&#8221;vc_gid:1774116496800-124d8946003ff302ce072955ac57b0e4-8&#8243; include=&#8221;284,282,283,281,280&#8243;][\/vc_column_inner][\/vc_row_inner][\/vc_column][\/vc_row]<\/p>\n<\/div>","protected":false},"excerpt":{"rendered":"<p>[vc_row css=&#8221;.vc_custom_1608571881011{margin-top: -50px !important;border-top-width: 1px !important;border-right-width: 1px !important;border-bottom-width: 1px !important;border-left-width: 1px !important;padding-top: 0px !important;background-color: #ffffff !important;border-left-color: #d9deda !important;border-left-style: solid !important;border-right-color: #d9deda !important;border-right-style: solid !important;border-top-color: #d9deda !important;border-top-style: solid !important;border-bottom-color: #d9deda !important;border-bottom-style: solid !important;border-radius: 5px !important;}&#8221;][vc_column css=&#8221;.vc_custom_1608560194424{margin-top: 0px !important;margin-bottom: 0px !important;border-top-width: 0px !important;border-bottom-width: 0px !important;padding-top: 0px !important;padding-bottom: 0px !important;}&#8221;][vc_row_inner css=&#8221;.vc_custom_1608560000949{margin-top: 0px !important;border-top-width: 0px !important;border-bottom-width: 1px !important;padding-top: 0px&hellip;<\/p>\n","protected":false},"author":1,"featured_media":0,"parent":0,"menu_order":0,"comment_status":"closed","ping_status":"closed","template":"","meta":{"footnotes":""},"class_list":["post-16","page","type-page","status-publish","hentry","description-off"],"yoast_head":"<!-- This site is optimized with the Yoast SEO plugin v24.6 - https:\/\/yoast.com\/wordpress\/plugins\/seo\/ -->\n<title>Ambulance - Zelen\u00fd Sen<\/title>\n<meta name=\"robots\" content=\"index, follow, max-snippet:-1, max-image-preview:large, max-video-preview:-1\" \/>\n<link rel=\"canonical\" href=\"https:\/\/www.zelenysen.sk\/ambulancia-fblr\/\" \/>\n<meta property=\"og:locale\" content=\"en_US\" \/>\n<meta property=\"og:type\" content=\"article\" \/>\n<meta property=\"og:title\" content=\"[:sk]Ambulancia FBLR[:en]Ambulance[:de]Ambulance[:] - Zelen\u00fd Sen\" \/>\n<meta property=\"og:description\" content=\"[vc_row css=&#8221;.vc_custom_1608571881011{margin-top: -50px !important;border-top-width: 1px !important;border-right-width: 1px !important;border-bottom-width: 1px !important;border-left-width: 1px !important;padding-top: 0px !important;background-color: #ffffff !important;border-left-color: #d9deda !important;border-left-style: solid !important;border-right-color: #d9deda !important;border-right-style: solid !important;border-top-color: #d9deda !important;border-top-style: solid !important;border-bottom-color: #d9deda !important;border-bottom-style: solid !important;border-radius: 5px !important;}&#8221;][vc_column css=&#8221;.vc_custom_1608560194424{margin-top: 0px !important;margin-bottom: 0px !important;border-top-width: 0px !important;border-bottom-width: 0px !important;padding-top: 0px !important;padding-bottom: 0px !important;}&#8221;][vc_row_inner css=&#8221;.vc_custom_1608560000949{margin-top: 0px !important;border-top-width: 0px !important;border-bottom-width: 1px !important;padding-top: 0px&hellip;\" \/>\n<meta property=\"og:url\" content=\"https:\/\/www.zelenysen.sk\/ambulancia-fblr\/\" \/>\n<meta property=\"og:site_name\" content=\"Zelen\u00fd Sen\" \/>\n<meta property=\"article:modified_time\" content=\"2026-03-21T18:10:41+00:00\" \/>\n<meta name=\"twitter:card\" content=\"summary_large_image\" \/>\n<meta name=\"twitter:label1\" content=\"Est. reading time\" \/>\n\t<meta name=\"twitter:data1\" content=\"3 minutes\" \/>\n<script type=\"application\/ld+json\" class=\"yoast-schema-graph\">{\"@context\":\"https:\/\/schema.org\",\"@graph\":[{\"@type\":\"WebPage\",\"@id\":\"https:\/\/www.zelenysen.sk\/ambulancia-fblr\/\",\"url\":\"https:\/\/www.zelenysen.sk\/ambulancia-fblr\/\",\"name\":\"[:sk]Ambulancia FBLR[:en]Ambulance[:de]Ambulance[:] - Zelen\u00fd Sen\",\"isPartOf\":{\"@id\":\"https:\/\/www.zelenysen.sk\/#website\"},\"datePublished\":\"2020-12-19T20:19:19+00:00\",\"dateModified\":\"2026-03-21T18:10:41+00:00\",\"breadcrumb\":{\"@id\":\"https:\/\/www.zelenysen.sk\/ambulancia-fblr\/#breadcrumb\"},\"inLanguage\":\"en-US\",\"potentialAction\":[{\"@type\":\"ReadAction\",\"target\":[\"https:\/\/www.zelenysen.sk\/ambulancia-fblr\/\"]}]},{\"@type\":\"BreadcrumbList\",\"@id\":\"https:\/\/www.zelenysen.sk\/ambulancia-fblr\/#breadcrumb\",\"itemListElement\":[{\"@type\":\"ListItem\",\"position\":1,\"name\":\"Domovsk\u00e1 str\u00e1nka\",\"item\":\"https:\/\/www.zelenysen.sk\/\"},{\"@type\":\"ListItem\",\"position\":2,\"name\":\"[:sk]Ambulancia FBLR[:en]Ambulance[:de]Ambulance[:]\"}]},{\"@type\":\"WebSite\",\"@id\":\"https:\/\/www.zelenysen.sk\/#website\",\"url\":\"https:\/\/www.zelenysen.sk\/\",\"name\":\"Zelen\u00fd Sen\",\"description\":\"\",\"potentialAction\":[{\"@type\":\"SearchAction\",\"target\":{\"@type\":\"EntryPoint\",\"urlTemplate\":\"https:\/\/www.zelenysen.sk\/?s={search_term_string}\"},\"query-input\":{\"@type\":\"PropertyValueSpecification\",\"valueRequired\":true,\"valueName\":\"search_term_string\"}}],\"inLanguage\":\"en-US\"}]}<\/script>\n<!-- \/ Yoast SEO plugin. -->","yoast_head_json":{"title":"[:sk]Ambulancia FBLR[:en]Ambulance[:de]Ambulance[:] - Zelen\u00fd Sen","robots":{"index":"index","follow":"follow","max-snippet":"max-snippet:-1","max-image-preview":"max-image-preview:large","max-video-preview":"max-video-preview:-1"},"canonical":"https:\/\/www.zelenysen.sk\/ambulancia-fblr\/","og_locale":"en_US","og_type":"article","og_title":"[:sk]Ambulancia FBLR[:en]Ambulance[:de]Ambulance[:] - Zelen\u00fd Sen","og_description":"[vc_row css=&#8221;.vc_custom_1608571881011{margin-top: -50px !important;border-top-width: 1px !important;border-right-width: 1px !important;border-bottom-width: 1px !important;border-left-width: 1px !important;padding-top: 0px !important;background-color: #ffffff !important;border-left-color: #d9deda !important;border-left-style: solid !important;border-right-color: #d9deda !important;border-right-style: solid !important;border-top-color: #d9deda !important;border-top-style: solid !important;border-bottom-color: #d9deda !important;border-bottom-style: solid !important;border-radius: 5px !important;}&#8221;][vc_column css=&#8221;.vc_custom_1608560194424{margin-top: 0px !important;margin-bottom: 0px !important;border-top-width: 0px !important;border-bottom-width: 0px !important;padding-top: 0px !important;padding-bottom: 0px !important;}&#8221;][vc_row_inner css=&#8221;.vc_custom_1608560000949{margin-top: 0px !important;border-top-width: 0px !important;border-bottom-width: 1px !important;padding-top: 0px&hellip;","og_url":"https:\/\/www.zelenysen.sk\/ambulancia-fblr\/","og_site_name":"Zelen\u00fd Sen","article_modified_time":"2026-03-21T18:10:41+00:00","twitter_card":"summary_large_image","twitter_misc":{"Est. reading time":"3 minutes"},"schema":{"@context":"https:\/\/schema.org","@graph":[{"@type":"WebPage","@id":"https:\/\/www.zelenysen.sk\/ambulancia-fblr\/","url":"https:\/\/www.zelenysen.sk\/ambulancia-fblr\/","name":"[:sk]Ambulancia FBLR[:en]Ambulance[:de]Ambulance[:] - Zelen\u00fd Sen","isPartOf":{"@id":"https:\/\/www.zelenysen.sk\/#website"},"datePublished":"2020-12-19T20:19:19+00:00","dateModified":"2026-03-21T18:10:41+00:00","breadcrumb":{"@id":"https:\/\/www.zelenysen.sk\/ambulancia-fblr\/#breadcrumb"},"inLanguage":"en-US","potentialAction":[{"@type":"ReadAction","target":["https:\/\/www.zelenysen.sk\/ambulancia-fblr\/"]}]},{"@type":"BreadcrumbList","@id":"https:\/\/www.zelenysen.sk\/ambulancia-fblr\/#breadcrumb","itemListElement":[{"@type":"ListItem","position":1,"name":"Domovsk\u00e1 str\u00e1nka","item":"https:\/\/www.zelenysen.sk\/"},{"@type":"ListItem","position":2,"name":"[:sk]Ambulancia FBLR[:en]Ambulance[:de]Ambulance[:]"}]},{"@type":"WebSite","@id":"https:\/\/www.zelenysen.sk\/#website","url":"https:\/\/www.zelenysen.sk\/","name":"Zelen\u00fd Sen","description":"","potentialAction":[{"@type":"SearchAction","target":{"@type":"EntryPoint","urlTemplate":"https:\/\/www.zelenysen.sk\/?s={search_term_string}"},"query-input":{"@type":"PropertyValueSpecification","valueRequired":true,"valueName":"search_term_string"}}],"inLanguage":"en-US"}]}},"_links":{"self":[{"href":"https:\/\/www.zelenysen.sk\/en\/wp-json\/wp\/v2\/pages\/16","targetHints":{"allow":["GET"]}}],"collection":[{"href":"https:\/\/www.zelenysen.sk\/en\/wp-json\/wp\/v2\/pages"}],"about":[{"href":"https:\/\/www.zelenysen.sk\/en\/wp-json\/wp\/v2\/types\/page"}],"author":[{"embeddable":true,"href":"https:\/\/www.zelenysen.sk\/en\/wp-json\/wp\/v2\/users\/1"}],"replies":[{"embeddable":true,"href":"https:\/\/www.zelenysen.sk\/en\/wp-json\/wp\/v2\/comments?post=16"}],"version-history":[{"count":7,"href":"https:\/\/www.zelenysen.sk\/en\/wp-json\/wp\/v2\/pages\/16\/revisions"}],"predecessor-version":[{"id":1464,"href":"https:\/\/www.zelenysen.sk\/en\/wp-json\/wp\/v2\/pages\/16\/revisions\/1464"}],"wp:attachment":[{"href":"https:\/\/www.zelenysen.sk\/en\/wp-json\/wp\/v2\/media?parent=16"}],"curies":[{"name":"wp","href":"https:\/\/api.w.org\/{rel}","templated":true}]}}