{"id":1588,"date":"2026-04-23T11:14:27","date_gmt":"2026-04-23T09:14:27","guid":{"rendered":"https:\/\/www.zelenysen.sk\/?page_id=1588"},"modified":"2026-04-23T11:52:11","modified_gmt":"2026-04-23T09:52:11","slug":"informacie-k-hospitalizacii","status":"publish","type":"page","link":"https:\/\/www.zelenysen.sk\/en\/informacie\/informacie-k-hospitalizacii\/","title":{"rendered":"For Patients"},"content":{"rendered":"<div class=\"wpb-content-wrapper\"><p>[vc_row css=&#8221;.vc_custom_1608571881011{margin-top: -50px !important;border-top-width: 1px !important;border-right-width: 1px !important;border-bottom-width: 1px !important;border-left-width: 1px !important;padding-top: 0px !important;background-color: #ffffff !important;border-left-color: #d9deda !important;border-left-style: solid !important;border-right-color: #d9deda !important;border-right-style: solid !important;border-top-color: #d9deda !important;border-top-style: solid !important;border-bottom-color: #d9deda !important;border-bottom-style: solid !important;border-radius: 5px !important;}&#8221;][vc_column css=&#8221;.vc_custom_1608560194424{margin-top: 0px !important;margin-bottom: 0px !important;border-top-width: 0px !important;border-bottom-width: 0px !important;padding-top: 0px !important;padding-bottom: 0px !important;}&#8221;][vc_row_inner css=&#8221;.vc_custom_1608560000949{margin-top: 0px !important;border-top-width: 0px !important;border-bottom-width: 1px !important;padding-top: 0px !important;background-color: #f2f2f2 !important;border-top-color: #d9deda !important;border-top-style: solid !important;border-bottom-color: #d9deda !important;border-bottom-style: solid !important;}&#8221;][vc_column_inner css=&#8221;.vc_custom_1608560097968{margin-top: 0px !important;margin-bottom: 0px !important;border-top-width: 0px !important;border-bottom-width: 0px !important;padding-top: 0px !important;padding-bottom: 0px !important;}&#8221;]<style type=\"text\/css\" data-type=\"the7_shortcodes-inline-css\">.dt-breadcrumbs-id-9ad02a9d71a1e3ed7cff9571e540fdae .breadcrumbs {\n  display: inline-block;\n  margin: 0;\n  padding: 10px 10px 10px 10px;\n  border: 1px solid #f2f2f2;\n  border-radius: 0px;\n}\n.dt-breadcrumbs-id-9ad02a9d71a1e3ed7cff9571e540fdae .breadcrumbs * {\n  font-size: 14px;\n  line-height: 14px;\n  font-weight: bold;\n  text-transform: uppercase;\n  color: #353535;\n}\n<\/style><div class=\"dt-breadcrumbs-shortcode dt-breadcrumbs-id-9ad02a9d71a1e3ed7cff9571e540fdae align-left\"><div class=\"assistive-text\">You are here:<\/div><ol class=\"breadcrumbs text-small\" itemscope itemtype=\"https:\/\/schema.org\/BreadcrumbList\"><li itemprop=\"itemListElement\" itemscope itemtype=\"https:\/\/schema.org\/ListItem\"><a itemprop=\"item\" href=\"https:\/\/www.zelenysen.sk\/en\/\" title=\"Home\"><span itemprop=\"name\">Home<\/span><\/a><meta itemprop=\"position\" content=\"1\" \/><\/li><li class=\"current\" itemprop=\"itemListElement\" itemscope itemtype=\"https:\/\/schema.org\/ListItem\"><span itemprop=\"name\">Page<\/span><meta itemprop=\"position\" content=\"2\" \/><\/li><\/ol><\/div>[\/vc_column_inner][\/vc_row_inner][vc_row_inner][vc_column_inner width=&#8221;1\/3&#8243;][vc_widget_sidebar sidebar_id=&#8221;sidebar_8&#8243;][\/vc_column_inner][vc_column_inner width=&#8221;2\/3&#8243;][vc_column_text]<\/p>\n<h1>General information<\/h1>\n<p>[\/vc_column_text]<div class=\"standard-number-list bullet-top\"><h3>Health insurance companies<\/h3>\n<p>Health care in our hospital is fully covered by health insurance companies.<\/p>\n<h2>European charter of patients\u00b4 rights<\/h2>\n<ul>\n<li>Right to Preventive Measures<\/li>\n<\/ul>\n<p>Every individual has the right to a proper service in order to prevent illness.<\/p>\n<ul>\n<li>Right of Access<\/li>\n<\/ul>\n<p>Every individual has the right of access to the health services that his or her health needs require. The health services must guarantee equal access to everyone, without discriminating on the basis of financial resources, place of residence, kind of illness or time of access to services.<\/p>\n<ul>\n<li>Right to Information<\/li>\n<\/ul>\n<p>Every individual has the right to access to all kind of information regarding their state of health, the health services and how to use them, and all that scientific research and technological innovation makes available.<\/p>\n<ul>\n<li>Right to Consent<\/li>\n<\/ul>\n<p>Every individual has the right of access to all information that might enable him or her to actively participate in the decisions regarding his or her health; this information is a prerequisite for any procedure and treatment, including the participation in scientific research.<\/p>\n<ul>\n<li>Right to Free Choice<\/li>\n<\/ul>\n<p>Each individual has the right to freely choose from among different treatment procedures and providers on the basis of adequate information.<\/p>\n<ul>\n<li>Right to Privacy and Confidentiality<\/li>\n<\/ul>\n<p>Every individual has the right to the confidentiality of personal information, including information regarding his or her state of health and potential diagnostic or therapeutic procedures, as well as the protection of his or her privacy during the performance of diagnostic exams, specialist visits, and medical\/surgical treatments in general.<\/p>\n<ul>\n<li>Right to Respect of Patent\u00b4s Time<\/li>\n<\/ul>\n<p>Each individual has the right to receive necessary treatment within a swift and predetermined period of time. This right applies at each phase of the treatment.<\/p>\n<ul>\n<li>Right to the Observance of Quality Standards<\/li>\n<\/ul>\n<p>Each individual has the right of access to high quality health services on the basis of the specification and observance of precise standards.<\/p>\n<ul>\n<li>Right to Safety<\/li>\n<\/ul>\n<p>Each individual has the right to be free from harm caused by the poor functioning of health services, medical malpractice and errors, and the right of access to health services and treatments that meet high safety standards.<\/p>\n<ul>\n<li>Right to Innovation<\/li>\n<\/ul>\n<p>Each individual has the right of access to innovative procedures, including diagnostic procedures, according to international standards and independently of economic or financial considerations.<\/p>\n<ul>\n<li>Right to Avoid Unnecessary Suffering and Pain<\/li>\n<\/ul>\n<p>Each individual has the right to avoid as much suffering and pain as possible, in each phase of his or her illness.<\/p>\n<ul>\n<li>Right to Personal Treatment<\/li>\n<\/ul>\n<p>Each individual has the right to diagnostic or therapeutic programmes tailored as much as possible to his or her personal needs.<\/p>\n<ul>\n<li>Right to Complain<\/li>\n<\/ul>\n<p>Each individual has the right to complain whenever he or she has suffered a harm and the right to receive a response or other feedback.<\/p>\n<ul>\n<li>Right to Compensation<\/li>\n<\/ul>\n<p>Each individual has the right to receive sufficient compensation within a reasonably short time whenever he or she has suffered physical or moral and psychological harm caused by a health service treatment.<\/p>\n<\/div>[\/vc_column_inner][\/vc_row_inner][\/vc_column][\/vc_row]<\/p>\n<\/div>","protected":false},"excerpt":{"rendered":"<p>[vc_row css=&#8221;.vc_custom_1608571881011{margin-top: -50px !important;border-top-width: 1px !important;border-right-width: 1px !important;border-bottom-width: 1px !important;border-left-width: 1px !important;padding-top: 0px !important;background-color: #ffffff !important;border-left-color: #d9deda !important;border-left-style: solid !important;border-right-color: #d9deda !important;border-right-style: solid !important;border-top-color: #d9deda !important;border-top-style: solid !important;border-bottom-color: #d9deda !important;border-bottom-style: solid !important;border-radius: 5px !important;}&#8221;][vc_column css=&#8221;.vc_custom_1608560194424{margin-top: 0px !important;margin-bottom: 0px !important;border-top-width: 0px !important;border-bottom-width: 0px !important;padding-top: 0px !important;padding-bottom: 0px !important;}&#8221;][vc_row_inner css=&#8221;.vc_custom_1608560000949{margin-top: 0px !important;border-top-width: 0px !important;border-bottom-width: 1px !important;padding-top: 0px&hellip;<\/p>\n","protected":false},"author":3,"featured_media":0,"parent":28,"menu_order":0,"comment_status":"closed","ping_status":"closed","template":"","meta":{"footnotes":""},"class_list":["post-1588","page","type-page","status-publish","hentry","description-off"],"yoast_head":"<!-- This site is optimized with the Yoast SEO plugin v24.6 - https:\/\/yoast.com\/wordpress\/plugins\/seo\/ -->\n<title>For Patients - Zelen\u00fd Sen<\/title>\n<meta name=\"robots\" content=\"index, follow, max-snippet:-1, max-image-preview:large, max-video-preview:-1\" \/>\n<link rel=\"canonical\" href=\"https:\/\/www.zelenysen.sk\/informacie\/informacie-k-hospitalizacii\/\" \/>\n<meta property=\"og:locale\" content=\"en_US\" \/>\n<meta property=\"og:type\" content=\"article\" \/>\n<meta property=\"og:title\" content=\"[:sk]Inform\u00e1cie k hospitaliz\u00e1cii[:en]For Patients[:de]F\u00fcr Patienten[:] - Zelen\u00fd Sen\" \/>\n<meta property=\"og:description\" content=\"[vc_row css=&#8221;.vc_custom_1608571881011{margin-top: -50px !important;border-top-width: 1px !important;border-right-width: 1px !important;border-bottom-width: 1px !important;border-left-width: 1px !important;padding-top: 0px !important;background-color: #ffffff !important;border-left-color: #d9deda !important;border-left-style: solid !important;border-right-color: #d9deda !important;border-right-style: solid !important;border-top-color: #d9deda !important;border-top-style: solid !important;border-bottom-color: #d9deda !important;border-bottom-style: solid !important;border-radius: 5px !important;}&#8221;][vc_column css=&#8221;.vc_custom_1608560194424{margin-top: 0px !important;margin-bottom: 0px !important;border-top-width: 0px !important;border-bottom-width: 0px !important;padding-top: 0px !important;padding-bottom: 0px !important;}&#8221;][vc_row_inner css=&#8221;.vc_custom_1608560000949{margin-top: 0px !important;border-top-width: 0px !important;border-bottom-width: 1px !important;padding-top: 0px&hellip;\" \/>\n<meta property=\"og:url\" content=\"https:\/\/www.zelenysen.sk\/informacie\/informacie-k-hospitalizacii\/\" \/>\n<meta property=\"og:site_name\" content=\"Zelen\u00fd Sen\" \/>\n<meta property=\"article:modified_time\" content=\"2026-04-23T09:52:11+00:00\" \/>\n<meta name=\"twitter:card\" content=\"summary_large_image\" \/>\n<meta name=\"twitter:label1\" content=\"Est. reading time\" \/>\n\t<meta name=\"twitter:data1\" content=\"8 minutes\" \/>\n<script type=\"application\/ld+json\" class=\"yoast-schema-graph\">{\"@context\":\"https:\/\/schema.org\",\"@graph\":[{\"@type\":\"WebPage\",\"@id\":\"https:\/\/www.zelenysen.sk\/informacie\/informacie-k-hospitalizacii\/\",\"url\":\"https:\/\/www.zelenysen.sk\/informacie\/informacie-k-hospitalizacii\/\",\"name\":\"[:sk]Inform\u00e1cie k hospitaliz\u00e1cii[:en]For Patients[:de]F\u00fcr Patienten[:] - Zelen\u00fd Sen\",\"isPartOf\":{\"@id\":\"https:\/\/www.zelenysen.sk\/#website\"},\"datePublished\":\"2026-04-23T09:14:27+00:00\",\"dateModified\":\"2026-04-23T09:52:11+00:00\",\"breadcrumb\":{\"@id\":\"https:\/\/www.zelenysen.sk\/informacie\/informacie-k-hospitalizacii\/#breadcrumb\"},\"inLanguage\":\"en-US\",\"potentialAction\":[{\"@type\":\"ReadAction\",\"target\":[\"https:\/\/www.zelenysen.sk\/informacie\/informacie-k-hospitalizacii\/\"]}]},{\"@type\":\"BreadcrumbList\",\"@id\":\"https:\/\/www.zelenysen.sk\/informacie\/informacie-k-hospitalizacii\/#breadcrumb\",\"itemListElement\":[{\"@type\":\"ListItem\",\"position\":1,\"name\":\"Domovsk\u00e1 str\u00e1nka\",\"item\":\"https:\/\/www.zelenysen.sk\/\"},{\"@type\":\"ListItem\",\"position\":2,\"name\":\"Inform\u00e1cie\",\"item\":\"https:\/\/www.zelenysen.sk\/informacie\/\"},{\"@type\":\"ListItem\",\"position\":3,\"name\":\"Inform\u00e1cie k hospitaliz\u00e1cii\"}]},{\"@type\":\"WebSite\",\"@id\":\"https:\/\/www.zelenysen.sk\/#website\",\"url\":\"https:\/\/www.zelenysen.sk\/\",\"name\":\"Zelen\u00fd Sen\",\"description\":\"\",\"potentialAction\":[{\"@type\":\"SearchAction\",\"target\":{\"@type\":\"EntryPoint\",\"urlTemplate\":\"https:\/\/www.zelenysen.sk\/?s={search_term_string}\"},\"query-input\":{\"@type\":\"PropertyValueSpecification\",\"valueRequired\":true,\"valueName\":\"search_term_string\"}}],\"inLanguage\":\"en-US\"}]}<\/script>\n<!-- \/ Yoast SEO plugin. -->","yoast_head_json":{"title":"[:sk]Inform\u00e1cie k hospitaliz\u00e1cii[:en]For Patients[:de]F\u00fcr Patienten[:] - Zelen\u00fd Sen","robots":{"index":"index","follow":"follow","max-snippet":"max-snippet:-1","max-image-preview":"max-image-preview:large","max-video-preview":"max-video-preview:-1"},"canonical":"https:\/\/www.zelenysen.sk\/informacie\/informacie-k-hospitalizacii\/","og_locale":"en_US","og_type":"article","og_title":"[:sk]Inform\u00e1cie k hospitaliz\u00e1cii[:en]For Patients[:de]F\u00fcr Patienten[:] - Zelen\u00fd Sen","og_description":"[vc_row css=&#8221;.vc_custom_1608571881011{margin-top: -50px !important;border-top-width: 1px !important;border-right-width: 1px !important;border-bottom-width: 1px !important;border-left-width: 1px !important;padding-top: 0px !important;background-color: #ffffff !important;border-left-color: #d9deda !important;border-left-style: solid !important;border-right-color: #d9deda !important;border-right-style: solid !important;border-top-color: #d9deda !important;border-top-style: solid !important;border-bottom-color: #d9deda !important;border-bottom-style: solid !important;border-radius: 5px !important;}&#8221;][vc_column css=&#8221;.vc_custom_1608560194424{margin-top: 0px !important;margin-bottom: 0px !important;border-top-width: 0px !important;border-bottom-width: 0px !important;padding-top: 0px !important;padding-bottom: 0px !important;}&#8221;][vc_row_inner css=&#8221;.vc_custom_1608560000949{margin-top: 0px !important;border-top-width: 0px !important;border-bottom-width: 1px !important;padding-top: 0px&hellip;","og_url":"https:\/\/www.zelenysen.sk\/informacie\/informacie-k-hospitalizacii\/","og_site_name":"Zelen\u00fd Sen","article_modified_time":"2026-04-23T09:52:11+00:00","twitter_card":"summary_large_image","twitter_misc":{"Est. reading time":"8 minutes"},"schema":{"@context":"https:\/\/schema.org","@graph":[{"@type":"WebPage","@id":"https:\/\/www.zelenysen.sk\/informacie\/informacie-k-hospitalizacii\/","url":"https:\/\/www.zelenysen.sk\/informacie\/informacie-k-hospitalizacii\/","name":"[:sk]Inform\u00e1cie k hospitaliz\u00e1cii[:en]For Patients[:de]F\u00fcr Patienten[:] - Zelen\u00fd Sen","isPartOf":{"@id":"https:\/\/www.zelenysen.sk\/#website"},"datePublished":"2026-04-23T09:14:27+00:00","dateModified":"2026-04-23T09:52:11+00:00","breadcrumb":{"@id":"https:\/\/www.zelenysen.sk\/informacie\/informacie-k-hospitalizacii\/#breadcrumb"},"inLanguage":"en-US","potentialAction":[{"@type":"ReadAction","target":["https:\/\/www.zelenysen.sk\/informacie\/informacie-k-hospitalizacii\/"]}]},{"@type":"BreadcrumbList","@id":"https:\/\/www.zelenysen.sk\/informacie\/informacie-k-hospitalizacii\/#breadcrumb","itemListElement":[{"@type":"ListItem","position":1,"name":"Domovsk\u00e1 str\u00e1nka","item":"https:\/\/www.zelenysen.sk\/"},{"@type":"ListItem","position":2,"name":"Inform\u00e1cie","item":"https:\/\/www.zelenysen.sk\/informacie\/"},{"@type":"ListItem","position":3,"name":"Inform\u00e1cie k hospitaliz\u00e1cii"}]},{"@type":"WebSite","@id":"https:\/\/www.zelenysen.sk\/#website","url":"https:\/\/www.zelenysen.sk\/","name":"Zelen\u00fd Sen","description":"","potentialAction":[{"@type":"SearchAction","target":{"@type":"EntryPoint","urlTemplate":"https:\/\/www.zelenysen.sk\/?s={search_term_string}"},"query-input":{"@type":"PropertyValueSpecification","valueRequired":true,"valueName":"search_term_string"}}],"inLanguage":"en-US"}]}},"_links":{"self":[{"href":"https:\/\/www.zelenysen.sk\/en\/wp-json\/wp\/v2\/pages\/1588","targetHints":{"allow":["GET"]}}],"collection":[{"href":"https:\/\/www.zelenysen.sk\/en\/wp-json\/wp\/v2\/pages"}],"about":[{"href":"https:\/\/www.zelenysen.sk\/en\/wp-json\/wp\/v2\/types\/page"}],"author":[{"embeddable":true,"href":"https:\/\/www.zelenysen.sk\/en\/wp-json\/wp\/v2\/users\/3"}],"replies":[{"embeddable":true,"href":"https:\/\/www.zelenysen.sk\/en\/wp-json\/wp\/v2\/comments?post=1588"}],"version-history":[{"count":2,"href":"https:\/\/www.zelenysen.sk\/en\/wp-json\/wp\/v2\/pages\/1588\/revisions"}],"predecessor-version":[{"id":1592,"href":"https:\/\/www.zelenysen.sk\/en\/wp-json\/wp\/v2\/pages\/1588\/revisions\/1592"}],"up":[{"embeddable":true,"href":"https:\/\/www.zelenysen.sk\/en\/wp-json\/wp\/v2\/pages\/28"}],"wp:attachment":[{"href":"https:\/\/www.zelenysen.sk\/en\/wp-json\/wp\/v2\/media?parent=1588"}],"curies":[{"name":"wp","href":"https:\/\/api.w.org\/{rel}","templated":true}]}}