{"id":1291,"date":"2025-03-18T08:28:02","date_gmt":"2025-03-18T07:28:02","guid":{"rendered":"https:\/\/www.zelenysen.sk\/?page_id=1291"},"modified":"2025-03-18T08:32:39","modified_gmt":"2025-03-18T07:32:39","slug":"plan-obnovy-a-odolnosti-slovenskej-republiky","status":"publish","type":"page","link":"https:\/\/www.zelenysen.sk\/en\/plan-obnovy-a-odolnosti-slovenskej-republiky\/","title":{"rendered":"Pl\u00e1n obnovy a odolnosti Slovenskej republiky"},"content":{"rendered":"<p class=\"qtranxs-available-languages-message qtranxs-available-languages-message-en\">Sorry, this entry is only available in <a href=\"https:\/\/www.zelenysen.sk\/sk\/wp-json\/wp\/v2\/pages\/1291\" class=\"qtranxs-available-language-link qtranxs-available-language-link-sk\" title=\"Sloven\u010dina\">Sloven\u010dina<\/a>.<\/p>","protected":false},"excerpt":{"rendered":"<p>Sorry, this entry is only available in Sloven\u010dina.<\/p>\n","protected":false},"author":1,"featured_media":0,"parent":0,"menu_order":0,"comment_status":"closed","ping_status":"closed","template":"","meta":{"footnotes":""},"class_list":["post-1291","page","type-page","status-publish","hentry","description-off"],"yoast_head":"<!-- This site is optimized with the Yoast SEO plugin v24.6 - https:\/\/yoast.com\/wordpress\/plugins\/seo\/ -->\n<title><\/title>\n<meta name=\"robots\" content=\"index, follow, max-snippet:-1, max-image-preview:large, max-video-preview:-1\" \/>\n<link rel=\"canonical\" href=\"https:\/\/www.zelenysen.sk\/plan-obnovy-a-odolnosti-slovenskej-republiky\/\" \/>\n<meta property=\"og:locale\" content=\"en_US\" \/>\n<meta property=\"og:type\" content=\"article\" \/>\n<meta property=\"og:title\" content=\"[:sk]Pl\u00e1n obnovy a odolnosti Slovenskej republiky[:] - Zelen\u00fd Sen\" \/>\n<meta property=\"og:description\" content=\"Sorry, this entry is only available in Sloven\u010dina.\" \/>\n<meta property=\"og:url\" content=\"https:\/\/www.zelenysen.sk\/plan-obnovy-a-odolnosti-slovenskej-republiky\/\" \/>\n<meta property=\"og:site_name\" content=\"Zelen\u00fd Sen\" \/>\n<meta property=\"article:modified_time\" content=\"2025-03-18T07:32:39+00:00\" \/>\n<meta name=\"twitter:card\" content=\"summary_large_image\" \/>\n<meta name=\"twitter:label1\" content=\"Est. reading time\" \/>\n\t<meta name=\"twitter:data1\" content=\"1 minute\" \/>\n<script type=\"application\/ld+json\" class=\"yoast-schema-graph\">{\"@context\":\"https:\/\/schema.org\",\"@graph\":[{\"@type\":\"WebPage\",\"@id\":\"https:\/\/www.zelenysen.sk\/plan-obnovy-a-odolnosti-slovenskej-republiky\/\",\"url\":\"https:\/\/www.zelenysen.sk\/plan-obnovy-a-odolnosti-slovenskej-republiky\/\",\"name\":\"[:sk]Pl\u00e1n obnovy a odolnosti Slovenskej republiky[:] - Zelen\u00fd Sen\",\"isPartOf\":{\"@id\":\"https:\/\/www.zelenysen.sk\/#website\"},\"datePublished\":\"2025-03-18T07:28:02+00:00\",\"dateModified\":\"2025-03-18T07:32:39+00:00\",\"breadcrumb\":{\"@id\":\"https:\/\/www.zelenysen.sk\/plan-obnovy-a-odolnosti-slovenskej-republiky\/#breadcrumb\"},\"inLanguage\":\"en-US\",\"potentialAction\":[{\"@type\":\"ReadAction\",\"target\":[\"https:\/\/www.zelenysen.sk\/plan-obnovy-a-odolnosti-slovenskej-republiky\/\"]}]},{\"@type\":\"BreadcrumbList\",\"@id\":\"https:\/\/www.zelenysen.sk\/plan-obnovy-a-odolnosti-slovenskej-republiky\/#breadcrumb\",\"itemListElement\":[{\"@type\":\"ListItem\",\"position\":1,\"name\":\"Domovsk\u00e1 str\u00e1nka\",\"item\":\"https:\/\/www.zelenysen.sk\/\"},{\"@type\":\"ListItem\",\"position\":2,\"name\":\"Pl\u00e1n obnovy a odolnosti Slovenskej republiky\"}]},{\"@type\":\"WebSite\",\"@id\":\"https:\/\/www.zelenysen.sk\/#website\",\"url\":\"https:\/\/www.zelenysen.sk\/\",\"name\":\"Zelen\u00fd Sen\",\"description\":\"\",\"potentialAction\":[{\"@type\":\"SearchAction\",\"target\":{\"@type\":\"EntryPoint\",\"urlTemplate\":\"https:\/\/www.zelenysen.sk\/?s={search_term_string}\"},\"query-input\":{\"@type\":\"PropertyValueSpecification\",\"valueRequired\":true,\"valueName\":\"search_term_string\"}}],\"inLanguage\":\"en-US\"}]}<\/script>\n<!-- \/ Yoast SEO plugin. -->","yoast_head_json":{"title":"[:sk]Pl\u00e1n obnovy a odolnosti Slovenskej republiky[:] - Zelen\u00fd Sen","robots":{"index":"index","follow":"follow","max-snippet":"max-snippet:-1","max-image-preview":"max-image-preview:large","max-video-preview":"max-video-preview:-1"},"canonical":"https:\/\/www.zelenysen.sk\/plan-obnovy-a-odolnosti-slovenskej-republiky\/","og_locale":"en_US","og_type":"article","og_title":"[:sk]Pl\u00e1n obnovy a odolnosti Slovenskej republiky[:] - Zelen\u00fd Sen","og_description":"Sorry, this entry is only available in Sloven\u010dina.","og_url":"https:\/\/www.zelenysen.sk\/plan-obnovy-a-odolnosti-slovenskej-republiky\/","og_site_name":"Zelen\u00fd Sen","article_modified_time":"2025-03-18T07:32:39+00:00","twitter_card":"summary_large_image","twitter_misc":{"Est. reading time":"1 minute"},"schema":{"@context":"https:\/\/schema.org","@graph":[{"@type":"WebPage","@id":"https:\/\/www.zelenysen.sk\/plan-obnovy-a-odolnosti-slovenskej-republiky\/","url":"https:\/\/www.zelenysen.sk\/plan-obnovy-a-odolnosti-slovenskej-republiky\/","name":"[:sk]Pl\u00e1n obnovy a odolnosti Slovenskej republiky[:] - Zelen\u00fd Sen","isPartOf":{"@id":"https:\/\/www.zelenysen.sk\/#website"},"datePublished":"2025-03-18T07:28:02+00:00","dateModified":"2025-03-18T07:32:39+00:00","breadcrumb":{"@id":"https:\/\/www.zelenysen.sk\/plan-obnovy-a-odolnosti-slovenskej-republiky\/#breadcrumb"},"inLanguage":"en-US","potentialAction":[{"@type":"ReadAction","target":["https:\/\/www.zelenysen.sk\/plan-obnovy-a-odolnosti-slovenskej-republiky\/"]}]},{"@type":"BreadcrumbList","@id":"https:\/\/www.zelenysen.sk\/plan-obnovy-a-odolnosti-slovenskej-republiky\/#breadcrumb","itemListElement":[{"@type":"ListItem","position":1,"name":"Domovsk\u00e1 str\u00e1nka","item":"https:\/\/www.zelenysen.sk\/"},{"@type":"ListItem","position":2,"name":"Pl\u00e1n obnovy a odolnosti Slovenskej republiky"}]},{"@type":"WebSite","@id":"https:\/\/www.zelenysen.sk\/#website","url":"https:\/\/www.zelenysen.sk\/","name":"Zelen\u00fd Sen","description":"","potentialAction":[{"@type":"SearchAction","target":{"@type":"EntryPoint","urlTemplate":"https:\/\/www.zelenysen.sk\/?s={search_term_string}"},"query-input":{"@type":"PropertyValueSpecification","valueRequired":true,"valueName":"search_term_string"}}],"inLanguage":"en-US"}]}},"_links":{"self":[{"href":"https:\/\/www.zelenysen.sk\/en\/wp-json\/wp\/v2\/pages\/1291","targetHints":{"allow":["GET"]}}],"collection":[{"href":"https:\/\/www.zelenysen.sk\/en\/wp-json\/wp\/v2\/pages"}],"about":[{"href":"https:\/\/www.zelenysen.sk\/en\/wp-json\/wp\/v2\/types\/page"}],"author":[{"embeddable":true,"href":"https:\/\/www.zelenysen.sk\/en\/wp-json\/wp\/v2\/users\/1"}],"replies":[{"embeddable":true,"href":"https:\/\/www.zelenysen.sk\/en\/wp-json\/wp\/v2\/comments?post=1291"}],"version-history":[{"count":1,"href":"https:\/\/www.zelenysen.sk\/en\/wp-json\/wp\/v2\/pages\/1291\/revisions"}],"predecessor-version":[{"id":1292,"href":"https:\/\/www.zelenysen.sk\/en\/wp-json\/wp\/v2\/pages\/1291\/revisions\/1292"}],"wp:attachment":[{"href":"https:\/\/www.zelenysen.sk\/en\/wp-json\/wp\/v2\/media?parent=1291"}],"curies":[{"name":"wp","href":"https:\/\/api.w.org\/{rel}","templated":true}]}}