{"id":832,"date":"2021-11-15T16:28:30","date_gmt":"2021-11-15T15:28:30","guid":{"rendered":"https:\/\/www.zelenysen.sk\/?page_id=832"},"modified":"2022-05-31T10:01:48","modified_gmt":"2022-05-31T08:01:48","slug":"novinka-rehabilitacny-koncept-appp","status":"publish","type":"page","link":"https:\/\/www.zelenysen.sk\/de\/novinka-rehabilitacny-koncept-appp\/","title":{"rendered":"Novinka  &#8211; rehabilita\u010dn\u00fd koncept APPP"},"content":{"rendered":"<p class=\"qtranxs-available-languages-message qtranxs-available-languages-message-de\">Leider ist der Eintrag nur auf <a href=\"https:\/\/www.zelenysen.sk\/sk\/wp-json\/wp\/v2\/pages\/832\" class=\"qtranxs-available-language-link qtranxs-available-language-link-sk\" title=\"Sloven\u010dina\">Sloven\u010dina<\/a> verf\u00fcgbar.<\/p>","protected":false},"excerpt":{"rendered":"<p>Leider ist der Eintrag nur auf Sloven\u010dina verf\u00fcgbar.<\/p>\n","protected":false},"author":1,"featured_media":0,"parent":0,"menu_order":0,"comment_status":"closed","ping_status":"closed","template":"","meta":{"footnotes":""},"class_list":["post-832","page","type-page","status-publish","hentry","description-off"],"yoast_head":"<!-- This site is optimized with the Yoast SEO plugin v24.6 - https:\/\/yoast.com\/wordpress\/plugins\/seo\/ -->\n<title><\/title>\n<meta name=\"robots\" content=\"index, follow, max-snippet:-1, max-image-preview:large, max-video-preview:-1\" \/>\n<link rel=\"canonical\" href=\"https:\/\/www.zelenysen.sk\/novinka-rehabilitacny-koncept-appp\/\" \/>\n<meta property=\"og:locale\" content=\"de_DE\" \/>\n<meta property=\"og:type\" content=\"article\" \/>\n<meta property=\"og:title\" content=\"[:sk]Novinka - rehabilita\u010dn\u00fd koncept APPP[:] - Zelen\u00fd Sen\" \/>\n<meta property=\"og:description\" content=\"Leider ist der Eintrag nur auf Sloven\u010dina verf\u00fcgbar.\" \/>\n<meta property=\"og:url\" content=\"https:\/\/www.zelenysen.sk\/novinka-rehabilitacny-koncept-appp\/\" \/>\n<meta property=\"og:site_name\" content=\"Zelen\u00fd Sen\" \/>\n<meta property=\"article:modified_time\" content=\"2022-05-31T08:01:48+00:00\" \/>\n<meta name=\"twitter:card\" content=\"summary_large_image\" \/>\n<meta name=\"twitter:label1\" content=\"Gesch\u00e4tzte Lesezeit\" \/>\n\t<meta name=\"twitter:data1\" content=\"1\u00a0Minute\" \/>\n<script type=\"application\/ld+json\" class=\"yoast-schema-graph\">{\"@context\":\"https:\/\/schema.org\",\"@graph\":[{\"@type\":\"WebPage\",\"@id\":\"https:\/\/www.zelenysen.sk\/novinka-rehabilitacny-koncept-appp\/\",\"url\":\"https:\/\/www.zelenysen.sk\/novinka-rehabilitacny-koncept-appp\/\",\"name\":\"[:sk]Novinka - rehabilita\u010dn\u00fd koncept APPP[:] - Zelen\u00fd Sen\",\"isPartOf\":{\"@id\":\"https:\/\/www.zelenysen.sk\/#website\"},\"datePublished\":\"2021-11-15T15:28:30+00:00\",\"dateModified\":\"2022-05-31T08:01:48+00:00\",\"breadcrumb\":{\"@id\":\"https:\/\/www.zelenysen.sk\/novinka-rehabilitacny-koncept-appp\/#breadcrumb\"},\"inLanguage\":\"de\",\"potentialAction\":[{\"@type\":\"ReadAction\",\"target\":[\"https:\/\/www.zelenysen.sk\/novinka-rehabilitacny-koncept-appp\/\"]}]},{\"@type\":\"BreadcrumbList\",\"@id\":\"https:\/\/www.zelenysen.sk\/novinka-rehabilitacny-koncept-appp\/#breadcrumb\",\"itemListElement\":[{\"@type\":\"ListItem\",\"position\":1,\"name\":\"Domovsk\u00e1 str\u00e1nka\",\"item\":\"https:\/\/www.zelenysen.sk\/\"},{\"@type\":\"ListItem\",\"position\":2,\"name\":\"Novinka &#8211; rehabilita\u010dn\u00fd koncept APPP\"}]},{\"@type\":\"WebSite\",\"@id\":\"https:\/\/www.zelenysen.sk\/#website\",\"url\":\"https:\/\/www.zelenysen.sk\/\",\"name\":\"Zelen\u00fd Sen\",\"description\":\"\",\"potentialAction\":[{\"@type\":\"SearchAction\",\"target\":{\"@type\":\"EntryPoint\",\"urlTemplate\":\"https:\/\/www.zelenysen.sk\/?s={search_term_string}\"},\"query-input\":{\"@type\":\"PropertyValueSpecification\",\"valueRequired\":true,\"valueName\":\"search_term_string\"}}],\"inLanguage\":\"de\"}]}<\/script>\n<!-- \/ Yoast SEO plugin. -->","yoast_head_json":{"title":"[:sk]Novinka - rehabilita\u010dn\u00fd koncept APPP[:] - Zelen\u00fd Sen","robots":{"index":"index","follow":"follow","max-snippet":"max-snippet:-1","max-image-preview":"max-image-preview:large","max-video-preview":"max-video-preview:-1"},"canonical":"https:\/\/www.zelenysen.sk\/novinka-rehabilitacny-koncept-appp\/","og_locale":"de_DE","og_type":"article","og_title":"[:sk]Novinka - rehabilita\u010dn\u00fd koncept APPP[:] - Zelen\u00fd Sen","og_description":"Leider ist der Eintrag nur auf Sloven\u010dina verf\u00fcgbar.","og_url":"https:\/\/www.zelenysen.sk\/novinka-rehabilitacny-koncept-appp\/","og_site_name":"Zelen\u00fd Sen","article_modified_time":"2022-05-31T08:01:48+00:00","twitter_card":"summary_large_image","twitter_misc":{"Gesch\u00e4tzte Lesezeit":"1\u00a0Minute"},"schema":{"@context":"https:\/\/schema.org","@graph":[{"@type":"WebPage","@id":"https:\/\/www.zelenysen.sk\/novinka-rehabilitacny-koncept-appp\/","url":"https:\/\/www.zelenysen.sk\/novinka-rehabilitacny-koncept-appp\/","name":"[:sk]Novinka - rehabilita\u010dn\u00fd koncept APPP[:] - Zelen\u00fd Sen","isPartOf":{"@id":"https:\/\/www.zelenysen.sk\/#website"},"datePublished":"2021-11-15T15:28:30+00:00","dateModified":"2022-05-31T08:01:48+00:00","breadcrumb":{"@id":"https:\/\/www.zelenysen.sk\/novinka-rehabilitacny-koncept-appp\/#breadcrumb"},"inLanguage":"de","potentialAction":[{"@type":"ReadAction","target":["https:\/\/www.zelenysen.sk\/novinka-rehabilitacny-koncept-appp\/"]}]},{"@type":"BreadcrumbList","@id":"https:\/\/www.zelenysen.sk\/novinka-rehabilitacny-koncept-appp\/#breadcrumb","itemListElement":[{"@type":"ListItem","position":1,"name":"Domovsk\u00e1 str\u00e1nka","item":"https:\/\/www.zelenysen.sk\/"},{"@type":"ListItem","position":2,"name":"Novinka &#8211; rehabilita\u010dn\u00fd koncept APPP"}]},{"@type":"WebSite","@id":"https:\/\/www.zelenysen.sk\/#website","url":"https:\/\/www.zelenysen.sk\/","name":"Zelen\u00fd Sen","description":"","potentialAction":[{"@type":"SearchAction","target":{"@type":"EntryPoint","urlTemplate":"https:\/\/www.zelenysen.sk\/?s={search_term_string}"},"query-input":{"@type":"PropertyValueSpecification","valueRequired":true,"valueName":"search_term_string"}}],"inLanguage":"de"}]}},"_links":{"self":[{"href":"https:\/\/www.zelenysen.sk\/de\/wp-json\/wp\/v2\/pages\/832","targetHints":{"allow":["GET"]}}],"collection":[{"href":"https:\/\/www.zelenysen.sk\/de\/wp-json\/wp\/v2\/pages"}],"about":[{"href":"https:\/\/www.zelenysen.sk\/de\/wp-json\/wp\/v2\/types\/page"}],"author":[{"embeddable":true,"href":"https:\/\/www.zelenysen.sk\/de\/wp-json\/wp\/v2\/users\/1"}],"replies":[{"embeddable":true,"href":"https:\/\/www.zelenysen.sk\/de\/wp-json\/wp\/v2\/comments?post=832"}],"version-history":[{"count":0,"href":"https:\/\/www.zelenysen.sk\/de\/wp-json\/wp\/v2\/pages\/832\/revisions"}],"wp:attachment":[{"href":"https:\/\/www.zelenysen.sk\/de\/wp-json\/wp\/v2\/media?parent=832"}],"curies":[{"name":"wp","href":"https:\/\/api.w.org\/{rel}","templated":true}]}}