{"id":570,"date":"2021-01-21T09:37:05","date_gmt":"2021-01-21T08:37:05","guid":{"rendered":"https:\/\/www.zelenysen.sk\/?page_id=570"},"modified":"2022-10-21T14:50:18","modified_gmt":"2022-10-21T12:50:18","slug":"post-covid19-rehabilitacia","status":"publish","type":"page","link":"https:\/\/www.zelenysen.sk\/de\/post-covid19-rehabilitacia\/","title":{"rendered":"Post-Covid19 rehabilit\u00e1cia"},"content":{"rendered":"<div class=\"wpb-content-wrapper\"><p>[vc_row css=&#8220;.vc_custom_1608571881011{margin-top: -50px !important;border-top-width: 1px !important;border-right-width: 1px !important;border-bottom-width: 1px !important;border-left-width: 1px !important;padding-top: 0px !important;background-color: #ffffff !important;border-left-color: #d9deda !important;border-left-style: solid !important;border-right-color: #d9deda !important;border-right-style: solid !important;border-top-color: #d9deda !important;border-top-style: solid !important;border-bottom-color: #d9deda !important;border-bottom-style: solid !important;border-radius: 5px !important;}&#8220;][vc_column css=&#8220;.vc_custom_1608560194424{margin-top: 0px !important;margin-bottom: 0px !important;border-top-width: 0px !important;border-bottom-width: 0px !important;padding-top: 0px !important;padding-bottom: 0px !important;}&#8220;][vc_row_inner css=&#8220;.vc_custom_1608560000949{margin-top: 0px !important;border-top-width: 0px !important;border-bottom-width: 1px !important;padding-top: 0px !important;background-color: #f2f2f2 !important;border-top-color: #d9deda !important;border-top-style: solid !important;border-bottom-color: #d9deda !important;border-bottom-style: solid !important;}&#8220;][vc_column_inner css=&#8220;.vc_custom_1608560097968{margin-top: 0px !important;margin-bottom: 0px !important;border-top-width: 0px !important;border-bottom-width: 0px !important;padding-top: 0px !important;padding-bottom: 0px !important;}&#8220;]<style type=\"text\/css\" data-type=\"the7_shortcodes-inline-css\">.dt-breadcrumbs-id-9ad02a9d71a1e3ed7cff9571e540fdae .breadcrumbs {\n  display: inline-block;\n  margin: 0;\n  padding: 10px 10px 10px 10px;\n  border: 1px solid #f2f2f2;\n  border-radius: 0px;\n}\n.dt-breadcrumbs-id-9ad02a9d71a1e3ed7cff9571e540fdae .breadcrumbs * {\n  font-size: 14px;\n  line-height: 14px;\n  font-weight: bold;\n  text-transform: uppercase;\n  color: #353535;\n}\n<\/style><div class=\"dt-breadcrumbs-shortcode dt-breadcrumbs-id-9ad02a9d71a1e3ed7cff9571e540fdae align-left\"><div class=\"assistive-text\">Sie befinden sich hier:<\/div><ol class=\"breadcrumbs text-small\" itemscope itemtype=\"https:\/\/schema.org\/BreadcrumbList\"><li itemprop=\"itemListElement\" itemscope itemtype=\"https:\/\/schema.org\/ListItem\"><a itemprop=\"item\" href=\"https:\/\/www.zelenysen.sk\/de\/\" title=\"Start\"><span itemprop=\"name\">Start<\/span><\/a><meta itemprop=\"position\" content=\"1\" \/><\/li><li class=\"current\" itemprop=\"itemListElement\" itemscope itemtype=\"https:\/\/schema.org\/ListItem\"><span itemprop=\"name\">Seite<\/span><meta itemprop=\"position\" content=\"2\" \/><\/li><\/ol><\/div>[\/vc_column_inner][\/vc_row_inner][vc_row_inner][vc_column_inner width=&#8220;1\/3&#8243;][vc_widget_sidebar sidebar_id=&#8220;sidebar_5&#8243;][\/vc_column_inner][vc_column_inner width=&#8220;2\/3&#8243;][vc_column_text]<\/p>\n<h1>Post-Covid19 rehabilit\u00e1cia<\/h1>\n<p>[\/vc_column_text][vc_column_text]<\/p>\n<p class=\"v1MsoNormal\"><strong><span style=\"color: #62b546; font-size: 16pt;\">Starostlivos\u0165 o zdravie je na prvom mieste. Ur\u00fdchlite svoj n\u00e1vrat do be\u017en\u00e9ho \u017eivota.<\/span><\/strong><\/p>\n<p>V\u00e1\u017een\u00ed pacienti, starostlivos\u0165 o Va\u0161e zdravie je pre n\u00e1s na prvom mieste, preto m\u00e1me pre V\u00e1s novinku POST- COVID19 rehabilit\u00e1ciu.<\/p>\n<p>Okrem mo\u017enosti ambulantn\u00fdch pacientov- dennej POST- COVID19 rehabilit\u00e1cie , vieme prija\u0165 aj pacientov po \u0165a\u017ekom post- covid stave\u00a0 na na\u0161e l\u00f4\u017ekov\u00e9 oddelenie , oddelenie ODCH, kde sa o\u00a0V\u00e1s postar\u00e1 n\u00e1\u0161 odborn\u00fd t\u00edm lek\u00e1rov, spolu s\u00a0na\u0161imi sestrami a\u00a0fyzioterapeutmi.[\/vc_column_text]<div class=\"standard-arrow bullet-top\"><p class=\"v1MsoNormal\"><strong><span style=\"font-size: 16pt;\">Pod\u013ea zamerania sympt\u00f3mov a reh. cie\u013eov V\u00e1m individu\u00e1lne napl\u00e1nujeme Va\u0161u lie\u010dbu. Individu\u00e1lne pl\u00e1novanie lie\u010dby prebieha pod\u013ea zamerania sympt\u00f3mov a reh. cie\u013eov: <\/span><\/strong><div class=\"gap\" style=\"line-height: 20px; height: 20px;\"><\/div>\n<ul>\n<li class=\"v1MsoListParagraph\">respira\u010dn\u00e1 fyzioterapia,<\/li>\n<li class=\"v1MsoListParagraph\">reflexn\u00e1 d\u00fdchacia terapia,<\/li>\n<li class=\"v1MsoListParagraph\">tr\u00e9ning d\u00fdch. svalov,<\/li>\n<li class=\"v1MsoListParagraph\">neuromuskul\u00e1rna elektrolie\u010dba,<\/li>\n<li class=\"v1MsoListParagraph\">laseroterapia a lavaterm, na uvo\u013enenie svalstva &#8211; fyzioterapia, hydroterapia, fyzick\u00fd, vytrvalostn\u00fd aj silov\u00fd tr\u00e9ning &#8211; individu\u00e1lna terapia v podobe statick\u00e9ho, dynamick\u00e9ho cvi\u010denia, korekcia celkov\u00e9ho dr\u017eania tela, d\u00fdchacej gymnastiky s cie\u013eom ovplyvni\u0165 respira\u010dn\u00fa funkciu.<\/li>\n<\/ul>\n<p>N\u00e1\u0161 v\u00fdkonn\u00fd, kompresorov\u00fd Inhal\u00e1tor Dr. Frei Turbo, ktor\u00fd je ur\u010den\u00fd k lie\u010dbe a starostlivosti o horn\u00e9 aj d\u00fdchacie cesty, V\u00e1m umo\u017en\u00ed cielen\u00fa lie\u010dbu konkr\u00e9tnej \u010dasti d\u00fdchacej s\u00fastavy. Pre inhal\u00e1ciu je mo\u017en\u00e9 pou\u017ei\u0165 v\u0161etky be\u017en\u00e9 tekut\u00e9 lieky, Vincentku, miner\u00e1lne vody, \u010di bylinn\u00e9 odvary. Vyu\u017eitie inhal\u00e1cie, spr\u00e1vneho typu tekut\u00e9ho lie\u010diva, je v\u0161ak potrebn\u00e9 prekonzultova\u0165 s na\u0161\u00edm lek\u00e1rom.<\/p>\n<\/div><div class=\"ult_exp_section_layer ult-adjust-bottom-margin  \" >\n\t\t<div id=\"uvc-exp-wrap-8888\" role=\"button\" tabindex=\"0\" aria-pressed=\"false\"  data-ultimate-target='#uvc-exp-wrap-8888'  data-responsive-json-new='{\"font-size\":\"desktop:20px;\",\"line-height\":\"desktop:20px;\"}'  class=\"ult_exp_section  ult-responsive \" style=\"color:#ffffff;background-color:#62b546; font-weight:normal;  text-align:center;\" data-textcolor=\"#ffffff\"data-texthover=\"#000000\"data-icncolor=\"#333333\"data-ihover=\"#333333\"data-height=\"0\"data-cntbg=\"#62b546\"data-cnthvrbg=\"#f2f2f2\"data-headerbg=\"#62b546\"data-headerhover=\"#f2f2f2\"data-title=\"Inhal\u00e1tor Dr.Frei Turbo Pro + inhala\u010dn\u00fd n\u00e1stavec pre dospel\u00fdch\"data-newtitle=\"Inhal\u00e1tor Dr.Frei Turbo Pro + inhala\u010dn\u00fd n\u00e1stavec pre dospel\u00fdch\"data-icon=\"\"data-newicon=\"\"data-activeicon=\"#333333\"data-effect=\"slideToggle\"data-override=\"0\"data-activetitle=\"#000000\"data-activebg=\"#f2f2f2\"data-img=\"\"data-newimg=\"\"><div  class=\"ult_exp_section-main \">\n\t\t\t\t\t<div class=\"ult_expheader\" >Inhal\u00e1tor Dr.Frei Turbo Pro + inhala\u010dn\u00fd n\u00e1stavec pre dospel\u00fdch\n\t\t\t\t\t <\/div><\/div>\n\t\t\t\t<\/div><div class=\"ult_exp_content \" style=\"background-color:#f2f2f2;  \"><div class=\"ult_ecpsub_cont\" style=\" \" >[vc_column_text]<\/p>\n<p style=\"text-align: left;\"><strong>Popis produktu:<\/strong><\/p>\n<p style=\"text-align: left;\">V\u00fdkonn\u00fd kompresorov\u00fd inhal\u00e1tor, ktor\u00fd je vybaven\u00fd nosovou sprchou.<\/p>\n<p style=\"text-align: left;\">Inhal\u00e1tor Dr. Frei Turbo Pro je ur\u010den\u00fd k\u00a0lie\u010dbe a\u00a0starostlivosti o\u00a0horn\u00e9 aj doln\u00e9\u00a0 d\u00fdchacie cesty.<\/p>\n<p style=\"text-align: left;\">Prev\u00e1dzka, ovl\u00e1danie aj pou\u017e\u00edvanie je ve\u013emi jednoduch\u00e9.<\/p>\n<p style=\"text-align: left;\">Pre inhal\u00e1ciu je mo\u017en\u00e9 pou\u017ei\u0165 \u00a0v\u0161etky be\u017en\u00e9 tekut\u00e9 lieky, Vincentku, miner\u00e1lne vody, \u010di bylinn\u00e9 odvary.<\/p>\n<p style=\"text-align: left;\">O\u00a0vhodnosti pou\u017eit\u00e9ho lie\u010diva je potrebn\u00e9 v\u017edy sa poradi\u0165 s\u00a0lek\u00e1rom.<\/p>\n<p style=\"text-align: left;\">Nebuliza\u010dn\u00fd ventil s\u00a0nastavite\u013enou ve\u013ekos\u0165ou \u010dast\u00edc 3 \u2013 6 \u00b5m umo\u017e\u0148uje cielen\u00fa lie\u010dbu konkr\u00e9tnej \u010dasti d\u00fdchacej s\u00fastavy.<\/p>\n<p style=\"text-align: left;\">Inhal\u00e1tor pracuje predov\u0161etk\u00fdm ako v\u00fdkonn\u00fd profesion\u00e1lny kompresorov\u00fd inhal\u00e1tor, z\u00e1rove\u0148 je v\u0161ak mo\u017en\u00e9 pou\u017ei\u0165 ho k\u00a0v\u00fdplachu nosov\u00fdch dut\u00edn ako tzv. Nosov\u00fa sprchu.<\/p>\n<p style=\"text-align: left;\">Inhala\u010dn\u00e1 terapia: je ve\u013emi \u00fa\u010dinn\u00e1 met\u00f3da podania lie\u010diva. V\u00fdhodou je ve\u013emi r\u00fdchle vstrebanie a\u00a0n\u00edzke d\u00e1vkovanie v\u00a0porovnan\u00ed s\u00a0peror\u00e1lnym u\u017eit\u00edm. Je \u0161etrnej\u0161\u00ed k\u00a0vn\u00fatorn\u00fdm org\u00e1nom v\u010faka presn\u00e9mu zacieleniu, m\u00e1 vysok\u00fa vyu\u017eite\u013enos\u0165 lie\u010diva.<\/p>\n<p style=\"text-align: left;\">Ventila\u010dn\u00fd syst\u00e9m optim\u00e1lne prisp\u00f4sobuje tok lie\u010diva v\u00a0priebehu inhal\u00e1cie aj pri v\u00fddychu.<\/p>\n<p>[\/vc_column_text]<\/div><\/div>\n\n\t\t\t<\/div>[vc_single_image image=&#8220;577&#8243; img_size=&#8220;full&#8220; alignment=&#8220;center&#8220;]<div class=\"standard-arrow bullet-top\"><p class=\"v1MsoNormal\"><strong><span style=\"font-size: 16pt;\">Postar\u00e1 sa o V\u00e1s n\u00e1\u0161 T\u00edm odborn\u00edkov<\/span><\/strong><div class=\"gap\" style=\"line-height: 20px; height: 20px;\"><\/div>\n<ul>\n<li class=\"v1MsoListParagraph\">lek\u00e1ri<\/li>\n<li class=\"v1MsoListParagraph\">fyzioterapeuti<\/li>\n<li class=\"v1MsoListParagraph\">zdravotn\u00e9 sestry a zdravotn\u00edcki pracovn\u00edci<\/li>\n<li class=\"v1MsoListParagraph\">\u0161portov\u00ed a pohybov\u00ed terapeuti<\/li>\n<li class=\"v1MsoListParagraph\">respira\u010dn\u00ed terapeuti<\/li>\n<\/ul>\n<\/div>[vc_empty_space][vc_column_text]<strong><span style=\"font-size: 16pt;\">Kontakty:<\/span><\/strong><\/p>\n<p>V pr\u00edpade ak\u00fdchko\u013evek ot\u00e1zok a nejasnost\u00ed n\u00e1s nev\u00e1hajte kontaktova\u0165.<\/p>\n<p><strong>telefonicky<\/strong>\u00a0<strong>v pracovn\u00fdch d\u0148och v \u010dase od 8:00 \u2013 15:30\u00a0 a\u00a0 <\/strong><strong>emailom &#8211; kedyko\u013evek<\/strong><\/p>\n<p><strong>MUDr. Martina Vodeck\u00e1 <\/strong>&#8211; prim\u00e1r ODCH, ved\u00faci lek\u00e1r ODCH na tel. \u010d\u00edsle: <strong>0910 911 221<\/strong><br \/>\nEmail: <a href=\"mailto:martina.vodecka@zelenysen.sk\">martina.vodecka@zelenysen.sk<\/a><\/p>\n<p><strong>Bc. Lenka Harmanov\u00e1 <\/strong>&#8211; ved\u00faca FBLR \u00a0na tel. \u010d\u00edsle: <strong>0910 912 702<\/strong><br \/>\nEmail: <a href=\"mailto:lenka.harmanov\u00e1@zelenysen.sk\">lenka.harmanov\u00e1@zelenysen.sk<\/a><br \/>\n<div class=\"gap\" style=\"line-height: 20px; height: 20px;\"><\/div><br \/>\n<a href=\"https:\/\/www.zelenysen.sk\/wp-content\/uploads\/2021\/03\/SKM_C3320i210304141300.pdf\" target=\"_blank\" rel=\"noopener\"><img loading=\"lazy\" decoding=\"async\" class=\"alignnone size-full wp-image-721\" src=\"https:\/\/www.zelenysen.sk\/wp-content\/uploads\/2021\/04\/certifikat-post-covid.jpg\" alt=\"\" width=\"956\" height=\"706\" srcset=\"https:\/\/www.zelenysen.sk\/wp-content\/uploads\/2021\/04\/certifikat-post-covid.jpg 956w, https:\/\/www.zelenysen.sk\/wp-content\/uploads\/2021\/04\/certifikat-post-covid-300x222.jpg 300w, https:\/\/www.zelenysen.sk\/wp-content\/uploads\/2021\/04\/certifikat-post-covid-768x567.jpg 768w\" sizes=\"auto, (max-width: 956px) 100vw, 956px\" \/><\/a>[\/vc_column_text][vc_empty_space][vc_masonry_media_grid gap=&#8220;3&#8243; item=&#8220;mediaGrid_Default&#8220; grid_id=&#8220;vc_gid:1665738435017-e609765a-e820-3&#8243; include=&#8220;584,585,586,588,589,590&#8243;][\/vc_column_inner][\/vc_row_inner][\/vc_column][\/vc_row]<\/p>\n<\/div>","protected":false},"excerpt":{"rendered":"<p>[vc_row css=&#8220;.vc_custom_1608571881011{margin-top: -50px !important;border-top-width: 1px !important;border-right-width: 1px !important;border-bottom-width: 1px !important;border-left-width: 1px !important;padding-top: 0px !important;background-color: #ffffff !important;border-left-color: #d9deda !important;border-left-style: solid !important;border-right-color: #d9deda !important;border-right-style: solid !important;border-top-color: #d9deda !important;border-top-style: solid !important;border-bottom-color: #d9deda !important;border-bottom-style: solid !important;border-radius: 5px !important;}&#8220;][vc_column css=&#8220;.vc_custom_1608560194424{margin-top: 0px !important;margin-bottom: 0px !important;border-top-width: 0px !important;border-bottom-width: 0px !important;padding-top: 0px !important;padding-bottom: 0px !important;}&#8220;][vc_row_inner css=&#8220;.vc_custom_1608560000949{margin-top: 0px !important;border-top-width: 0px !important;border-bottom-width: 1px !important;padding-top: 0px&hellip;<\/p>\n","protected":false},"author":1,"featured_media":0,"parent":0,"menu_order":0,"comment_status":"closed","ping_status":"closed","template":"","meta":{"footnotes":""},"class_list":["post-570","page","type-page","status-publish","hentry","description-off"],"yoast_head":"<!-- This site is optimized with the Yoast SEO plugin v24.6 - https:\/\/yoast.com\/wordpress\/plugins\/seo\/ -->\n<title>Post-Covid19 rehabilit\u00e1cia - Zelen\u00fd Sen<\/title>\n<meta name=\"robots\" content=\"index, follow, max-snippet:-1, max-image-preview:large, max-video-preview:-1\" \/>\n<link rel=\"canonical\" href=\"https:\/\/www.zelenysen.sk\/post-covid19-rehabilitacia\/\" \/>\n<meta property=\"og:locale\" content=\"de_DE\" \/>\n<meta property=\"og:type\" content=\"article\" \/>\n<meta property=\"og:title\" content=\"Post-Covid19 rehabilit\u00e1cia - Zelen\u00fd Sen\" \/>\n<meta property=\"og:description\" content=\"[vc_row css=&#8220;.vc_custom_1608571881011{margin-top: -50px !important;border-top-width: 1px !important;border-right-width: 1px !important;border-bottom-width: 1px !important;border-left-width: 1px !important;padding-top: 0px !important;background-color: #ffffff !important;border-left-color: #d9deda !important;border-left-style: solid !important;border-right-color: #d9deda !important;border-right-style: solid !important;border-top-color: #d9deda !important;border-top-style: solid !important;border-bottom-color: #d9deda !important;border-bottom-style: solid !important;border-radius: 5px !important;}&#8220;][vc_column css=&#8220;.vc_custom_1608560194424{margin-top: 0px !important;margin-bottom: 0px !important;border-top-width: 0px !important;border-bottom-width: 0px !important;padding-top: 0px !important;padding-bottom: 0px !important;}&#8220;][vc_row_inner css=&#8220;.vc_custom_1608560000949{margin-top: 0px !important;border-top-width: 0px !important;border-bottom-width: 1px !important;padding-top: 0px&hellip;\" \/>\n<meta property=\"og:url\" content=\"https:\/\/www.zelenysen.sk\/post-covid19-rehabilitacia\/\" \/>\n<meta property=\"og:site_name\" content=\"Zelen\u00fd Sen\" \/>\n<meta property=\"article:modified_time\" content=\"2022-10-21T12:50:18+00:00\" \/>\n<meta property=\"og:image\" content=\"https:\/\/www.zelenysen.sk\/wp-content\/uploads\/2021\/04\/certifikat-post-covid.jpg\" \/>\n<meta name=\"twitter:card\" content=\"summary_large_image\" \/>\n<meta name=\"twitter:label1\" content=\"Gesch\u00e4tzte Lesezeit\" \/>\n\t<meta name=\"twitter:data1\" content=\"5\u00a0Minuten\" \/>\n<script type=\"application\/ld+json\" class=\"yoast-schema-graph\">{\"@context\":\"https:\/\/schema.org\",\"@graph\":[{\"@type\":\"WebPage\",\"@id\":\"https:\/\/www.zelenysen.sk\/post-covid19-rehabilitacia\/\",\"url\":\"https:\/\/www.zelenysen.sk\/post-covid19-rehabilitacia\/\",\"name\":\"Post-Covid19 rehabilit\u00e1cia - Zelen\u00fd Sen\",\"isPartOf\":{\"@id\":\"https:\/\/www.zelenysen.sk\/#website\"},\"primaryImageOfPage\":{\"@id\":\"https:\/\/www.zelenysen.sk\/post-covid19-rehabilitacia\/#primaryimage\"},\"image\":{\"@id\":\"https:\/\/www.zelenysen.sk\/post-covid19-rehabilitacia\/#primaryimage\"},\"thumbnailUrl\":\"https:\/\/www.zelenysen.sk\/wp-content\/uploads\/2021\/04\/certifikat-post-covid.jpg\",\"datePublished\":\"2021-01-21T08:37:05+00:00\",\"dateModified\":\"2022-10-21T12:50:18+00:00\",\"breadcrumb\":{\"@id\":\"https:\/\/www.zelenysen.sk\/post-covid19-rehabilitacia\/#breadcrumb\"},\"inLanguage\":\"de\",\"potentialAction\":[{\"@type\":\"ReadAction\",\"target\":[\"https:\/\/www.zelenysen.sk\/post-covid19-rehabilitacia\/\"]}]},{\"@type\":\"ImageObject\",\"inLanguage\":\"de\",\"@id\":\"https:\/\/www.zelenysen.sk\/post-covid19-rehabilitacia\/#primaryimage\",\"url\":\"https:\/\/www.zelenysen.sk\/wp-content\/uploads\/2021\/04\/certifikat-post-covid.jpg\",\"contentUrl\":\"https:\/\/www.zelenysen.sk\/wp-content\/uploads\/2021\/04\/certifikat-post-covid.jpg\"},{\"@type\":\"BreadcrumbList\",\"@id\":\"https:\/\/www.zelenysen.sk\/post-covid19-rehabilitacia\/#breadcrumb\",\"itemListElement\":[{\"@type\":\"ListItem\",\"position\":1,\"name\":\"Domovsk\u00e1 str\u00e1nka\",\"item\":\"https:\/\/www.zelenysen.sk\/\"},{\"@type\":\"ListItem\",\"position\":2,\"name\":\"Post-Covid19 rehabilit\u00e1cia\"}]},{\"@type\":\"WebSite\",\"@id\":\"https:\/\/www.zelenysen.sk\/#website\",\"url\":\"https:\/\/www.zelenysen.sk\/\",\"name\":\"Zelen\u00fd Sen\",\"description\":\"\",\"potentialAction\":[{\"@type\":\"SearchAction\",\"target\":{\"@type\":\"EntryPoint\",\"urlTemplate\":\"https:\/\/www.zelenysen.sk\/?s={search_term_string}\"},\"query-input\":{\"@type\":\"PropertyValueSpecification\",\"valueRequired\":true,\"valueName\":\"search_term_string\"}}],\"inLanguage\":\"de\"}]}<\/script>\n<!-- \/ Yoast SEO plugin. -->","yoast_head_json":{"title":"Post-Covid19 rehabilit\u00e1cia - Zelen\u00fd Sen","robots":{"index":"index","follow":"follow","max-snippet":"max-snippet:-1","max-image-preview":"max-image-preview:large","max-video-preview":"max-video-preview:-1"},"canonical":"https:\/\/www.zelenysen.sk\/post-covid19-rehabilitacia\/","og_locale":"de_DE","og_type":"article","og_title":"Post-Covid19 rehabilit\u00e1cia - Zelen\u00fd Sen","og_description":"[vc_row css=&#8220;.vc_custom_1608571881011{margin-top: -50px !important;border-top-width: 1px !important;border-right-width: 1px !important;border-bottom-width: 1px !important;border-left-width: 1px !important;padding-top: 0px !important;background-color: #ffffff !important;border-left-color: #d9deda !important;border-left-style: solid !important;border-right-color: #d9deda !important;border-right-style: solid !important;border-top-color: #d9deda !important;border-top-style: solid !important;border-bottom-color: #d9deda !important;border-bottom-style: solid !important;border-radius: 5px !important;}&#8220;][vc_column css=&#8220;.vc_custom_1608560194424{margin-top: 0px !important;margin-bottom: 0px !important;border-top-width: 0px !important;border-bottom-width: 0px !important;padding-top: 0px !important;padding-bottom: 0px !important;}&#8220;][vc_row_inner css=&#8220;.vc_custom_1608560000949{margin-top: 0px !important;border-top-width: 0px !important;border-bottom-width: 1px !important;padding-top: 0px&hellip;","og_url":"https:\/\/www.zelenysen.sk\/post-covid19-rehabilitacia\/","og_site_name":"Zelen\u00fd Sen","article_modified_time":"2022-10-21T12:50:18+00:00","og_image":[{"url":"https:\/\/www.zelenysen.sk\/wp-content\/uploads\/2021\/04\/certifikat-post-covid.jpg","type":"","width":"","height":""}],"twitter_card":"summary_large_image","twitter_misc":{"Gesch\u00e4tzte Lesezeit":"5\u00a0Minuten"},"schema":{"@context":"https:\/\/schema.org","@graph":[{"@type":"WebPage","@id":"https:\/\/www.zelenysen.sk\/post-covid19-rehabilitacia\/","url":"https:\/\/www.zelenysen.sk\/post-covid19-rehabilitacia\/","name":"Post-Covid19 rehabilit\u00e1cia - Zelen\u00fd Sen","isPartOf":{"@id":"https:\/\/www.zelenysen.sk\/#website"},"primaryImageOfPage":{"@id":"https:\/\/www.zelenysen.sk\/post-covid19-rehabilitacia\/#primaryimage"},"image":{"@id":"https:\/\/www.zelenysen.sk\/post-covid19-rehabilitacia\/#primaryimage"},"thumbnailUrl":"https:\/\/www.zelenysen.sk\/wp-content\/uploads\/2021\/04\/certifikat-post-covid.jpg","datePublished":"2021-01-21T08:37:05+00:00","dateModified":"2022-10-21T12:50:18+00:00","breadcrumb":{"@id":"https:\/\/www.zelenysen.sk\/post-covid19-rehabilitacia\/#breadcrumb"},"inLanguage":"de","potentialAction":[{"@type":"ReadAction","target":["https:\/\/www.zelenysen.sk\/post-covid19-rehabilitacia\/"]}]},{"@type":"ImageObject","inLanguage":"de","@id":"https:\/\/www.zelenysen.sk\/post-covid19-rehabilitacia\/#primaryimage","url":"https:\/\/www.zelenysen.sk\/wp-content\/uploads\/2021\/04\/certifikat-post-covid.jpg","contentUrl":"https:\/\/www.zelenysen.sk\/wp-content\/uploads\/2021\/04\/certifikat-post-covid.jpg"},{"@type":"BreadcrumbList","@id":"https:\/\/www.zelenysen.sk\/post-covid19-rehabilitacia\/#breadcrumb","itemListElement":[{"@type":"ListItem","position":1,"name":"Domovsk\u00e1 str\u00e1nka","item":"https:\/\/www.zelenysen.sk\/"},{"@type":"ListItem","position":2,"name":"Post-Covid19 rehabilit\u00e1cia"}]},{"@type":"WebSite","@id":"https:\/\/www.zelenysen.sk\/#website","url":"https:\/\/www.zelenysen.sk\/","name":"Zelen\u00fd Sen","description":"","potentialAction":[{"@type":"SearchAction","target":{"@type":"EntryPoint","urlTemplate":"https:\/\/www.zelenysen.sk\/?s={search_term_string}"},"query-input":{"@type":"PropertyValueSpecification","valueRequired":true,"valueName":"search_term_string"}}],"inLanguage":"de"}]}},"_links":{"self":[{"href":"https:\/\/www.zelenysen.sk\/de\/wp-json\/wp\/v2\/pages\/570","targetHints":{"allow":["GET"]}}],"collection":[{"href":"https:\/\/www.zelenysen.sk\/de\/wp-json\/wp\/v2\/pages"}],"about":[{"href":"https:\/\/www.zelenysen.sk\/de\/wp-json\/wp\/v2\/types\/page"}],"author":[{"embeddable":true,"href":"https:\/\/www.zelenysen.sk\/de\/wp-json\/wp\/v2\/users\/1"}],"replies":[{"embeddable":true,"href":"https:\/\/www.zelenysen.sk\/de\/wp-json\/wp\/v2\/comments?post=570"}],"version-history":[{"count":3,"href":"https:\/\/www.zelenysen.sk\/de\/wp-json\/wp\/v2\/pages\/570\/revisions"}],"predecessor-version":[{"id":945,"href":"https:\/\/www.zelenysen.sk\/de\/wp-json\/wp\/v2\/pages\/570\/revisions\/945"}],"wp:attachment":[{"href":"https:\/\/www.zelenysen.sk\/de\/wp-json\/wp\/v2\/media?parent=570"}],"curies":[{"name":"wp","href":"https:\/\/api.w.org\/{rel}","templated":true}]}}