{"id":534,"date":"2020-12-30T15:50:17","date_gmt":"2020-12-30T14:50:17","guid":{"rendered":"https:\/\/www.zelenysen.sk\/?page_id=534"},"modified":"2022-10-24T10:00:20","modified_gmt":"2022-10-24T08:00:20","slug":"employment","status":"publish","type":"page","link":"https:\/\/www.zelenysen.sk\/de\/informacie\/employment\/","title":{"rendered":"Besch\u00e4ftigung"},"content":{"rendered":"<div class=\"wpb-content-wrapper\"><p>[vc_row css=&#8220;.vc_custom_1608571881011{margin-top: -50px !important;border-top-width: 1px !important;border-right-width: 1px !important;border-bottom-width: 1px !important;border-left-width: 1px !important;padding-top: 0px !important;background-color: #ffffff !important;border-left-color: #d9deda !important;border-left-style: solid !important;border-right-color: #d9deda !important;border-right-style: solid !important;border-top-color: #d9deda !important;border-top-style: solid !important;border-bottom-color: #d9deda !important;border-bottom-style: solid !important;border-radius: 5px !important;}&#8220;][vc_column css=&#8220;.vc_custom_1608560194424{margin-top: 0px !important;margin-bottom: 0px !important;border-top-width: 0px !important;border-bottom-width: 0px !important;padding-top: 0px !important;padding-bottom: 0px !important;}&#8220;][vc_row_inner css=&#8220;.vc_custom_1608560000949{margin-top: 0px !important;border-top-width: 0px !important;border-bottom-width: 1px !important;padding-top: 0px !important;background-color: #f2f2f2 !important;border-top-color: #d9deda !important;border-top-style: solid !important;border-bottom-color: #d9deda !important;border-bottom-style: solid !important;}&#8220;][vc_column_inner css=&#8220;.vc_custom_1608560097968{margin-top: 0px !important;margin-bottom: 0px !important;border-top-width: 0px !important;border-bottom-width: 0px !important;padding-top: 0px !important;padding-bottom: 0px !important;}&#8220;]<style type=\"text\/css\" data-type=\"the7_shortcodes-inline-css\">.dt-breadcrumbs-id-9ad02a9d71a1e3ed7cff9571e540fdae .breadcrumbs {\n  display: inline-block;\n  margin: 0;\n  padding: 10px 10px 10px 10px;\n  border: 1px solid #f2f2f2;\n  border-radius: 0px;\n}\n.dt-breadcrumbs-id-9ad02a9d71a1e3ed7cff9571e540fdae .breadcrumbs * {\n  font-size: 14px;\n  line-height: 14px;\n  font-weight: bold;\n  text-transform: uppercase;\n  color: #353535;\n}\n<\/style><div class=\"dt-breadcrumbs-shortcode dt-breadcrumbs-id-9ad02a9d71a1e3ed7cff9571e540fdae align-left\"><div class=\"assistive-text\">Sie befinden sich hier:<\/div><ol class=\"breadcrumbs text-small\" itemscope itemtype=\"https:\/\/schema.org\/BreadcrumbList\"><li itemprop=\"itemListElement\" itemscope itemtype=\"https:\/\/schema.org\/ListItem\"><a itemprop=\"item\" href=\"https:\/\/www.zelenysen.sk\/de\/\" title=\"Start\"><span itemprop=\"name\">Start<\/span><\/a><meta itemprop=\"position\" content=\"1\" \/><\/li><li class=\"current\" itemprop=\"itemListElement\" itemscope itemtype=\"https:\/\/schema.org\/ListItem\"><span itemprop=\"name\">Seite<\/span><meta itemprop=\"position\" content=\"2\" \/><\/li><\/ol><\/div>[\/vc_column_inner][\/vc_row_inner][vc_row_inner][vc_column_inner width=&#8220;1\/3&#8243;][vc_widget_sidebar sidebar_id=&#8220;sidebar_7&#8243;][\/vc_column_inner][vc_column_inner width=&#8220;2\/3&#8243;]<div class=\"standard-arrow bullet-top\"><h3 style=\"text-align: left;\">GRUNDLEGENDE INFORMATIONEN F\u00dcR BEWERBER<\/h3>\n<p><span style=\"font-size: 14pt;\">Wenn Sie Interesse haben, in unserem Krankenhaus besch\u00e4ftigt zu werden, k\u00f6nnen Sie Ihre Bewerbung folgenderma\u00dfen einreichen:<\/span><\/p>\n<ul>\n<li>Pers\u00f6nlich bei der Personalabteilung oder Abrechnungsabteilung<\/li>\n<li>Per Post an die Adresse:<br \/>\n<strong>Nemocnica Zelen\u00fd sen <\/strong><br \/>\nPerson\u00e1lne oddelenie (Personalabteilung),<br \/>\nCesta k\u00a0nemocnici 1,<br \/>\n974 01 Bansk\u00e1 Bystrica<\/li>\n<li>Elektronisch an die Adresse: <a href=\"mailto:zuzana.matejcikova@zelenysen.sk\">zuzana.matejcikova@zelenysen.sk<\/a><\/li>\n<\/ul>\n<h4>Anforderungen an die Bewerbung:<\/h4>\n<p>Die Bewerbung sollte Folgendes enthalten:<\/p>\n<ul>\n<li>Personalangaben, Adresse, Telefon, evt. E-Mail<\/li>\n<li>Die anzustrebende Stelle<\/li>\n<li>Ausbildung<\/li>\n<li>Berufserfahrungen<\/li>\n<li>Weitere Fachkenntnisse und Fertigkeiten<\/li>\n<li>Tabellarischer Lebenslauf und Zustimmung mit Verarbeitung von Personalangaben laut dem Gesetz des Nationalrates der SR Nr. 122\/2013 der Slg. \u00fcber den Schutz von Personalangaben<\/li>\n<\/ul>\n<h4>Zustimmung mit Verarbeitung von Personalangaben sollte Folgendes enthalten:<\/h4>\n<ul>\n<li>Wer erteilt die Zustimmung<\/li>\n<li>F\u00fcr wen wird die Zustimmung erteilt<\/li>\n<li>Zu welchem Zweck wird die Zustimmung erteilt<\/li>\n<li>G\u00fcltigkeitsdatum von Personalangaben (f\u00fcr welche Zeit)<\/li>\n<li>Bedingungen der Widerrufung<\/li>\n<li>Bedingungen f\u00fcr Liquidation von Personalangaben nach Ablauf der Verarbeitungszeit<\/li>\n<li>Mitteilung der betroffenen Person, dass sie keine Zusendung der Mitteilung \u00fcber die Art und Liquidation von Personalangaben verlangt.<\/li>\n<\/ul>\n<p>Die Bewerbungen k\u00f6nnen auch dann geschickt werden, wenn die Gesellschaft keine Platzausschreibung ver\u00f6ffentlicht. Wenn die Bewerbung die Zustimmung mit Verarbeitung von Personalangaben enth\u00e4lt, wird sie auf die Bewerberliste nach Fachrichtung aufgenommen.<\/p>\n<\/div>[\/vc_column_inner][\/vc_row_inner][\/vc_column][\/vc_row]<\/p>\n<\/div>","protected":false},"excerpt":{"rendered":"<p>[vc_row css=&#8220;.vc_custom_1608571881011{margin-top: -50px !important;border-top-width: 1px !important;border-right-width: 1px !important;border-bottom-width: 1px !important;border-left-width: 1px !important;padding-top: 0px !important;background-color: #ffffff !important;border-left-color: #d9deda !important;border-left-style: solid !important;border-right-color: #d9deda !important;border-right-style: solid !important;border-top-color: #d9deda !important;border-top-style: solid !important;border-bottom-color: #d9deda !important;border-bottom-style: solid !important;border-radius: 5px !important;}&#8220;][vc_column css=&#8220;.vc_custom_1608560194424{margin-top: 0px !important;margin-bottom: 0px !important;border-top-width: 0px !important;border-bottom-width: 0px !important;padding-top: 0px !important;padding-bottom: 0px !important;}&#8220;][vc_row_inner css=&#8220;.vc_custom_1608560000949{margin-top: 0px !important;border-top-width: 0px !important;border-bottom-width: 1px !important;padding-top: 0px&hellip;<\/p>\n","protected":false},"author":1,"featured_media":0,"parent":28,"menu_order":0,"comment_status":"closed","ping_status":"closed","template":"","meta":{"footnotes":""},"class_list":["post-534","page","type-page","status-publish","hentry","description-off"],"yoast_head":"<!-- This site is optimized with the Yoast SEO plugin v24.6 - https:\/\/yoast.com\/wordpress\/plugins\/seo\/ -->\n<title>Besch\u00e4ftigung - Zelen\u00fd Sen<\/title>\n<meta name=\"robots\" content=\"index, follow, max-snippet:-1, max-image-preview:large, max-video-preview:-1\" \/>\n<link rel=\"canonical\" href=\"https:\/\/www.zelenysen.sk\/informacie\/employment\/\" \/>\n<meta property=\"og:locale\" content=\"de_DE\" \/>\n<meta property=\"og:type\" content=\"article\" \/>\n<meta property=\"og:title\" content=\"[:en]Employment [:de]Besch\u00e4ftigung[:] - Zelen\u00fd Sen\" \/>\n<meta property=\"og:description\" content=\"[vc_row css=&#8220;.vc_custom_1608571881011{margin-top: -50px !important;border-top-width: 1px !important;border-right-width: 1px !important;border-bottom-width: 1px !important;border-left-width: 1px !important;padding-top: 0px !important;background-color: #ffffff !important;border-left-color: #d9deda !important;border-left-style: solid !important;border-right-color: #d9deda !important;border-right-style: solid !important;border-top-color: #d9deda !important;border-top-style: solid !important;border-bottom-color: #d9deda !important;border-bottom-style: solid !important;border-radius: 5px !important;}&#8220;][vc_column css=&#8220;.vc_custom_1608560194424{margin-top: 0px !important;margin-bottom: 0px !important;border-top-width: 0px !important;border-bottom-width: 0px !important;padding-top: 0px !important;padding-bottom: 0px !important;}&#8220;][vc_row_inner css=&#8220;.vc_custom_1608560000949{margin-top: 0px !important;border-top-width: 0px !important;border-bottom-width: 1px !important;padding-top: 0px&hellip;\" \/>\n<meta property=\"og:url\" content=\"https:\/\/www.zelenysen.sk\/informacie\/employment\/\" \/>\n<meta property=\"og:site_name\" content=\"Zelen\u00fd Sen\" \/>\n<meta property=\"article:modified_time\" content=\"2022-10-24T08:00:20+00:00\" \/>\n<meta name=\"twitter:card\" content=\"summary_large_image\" \/>\n<meta name=\"twitter:label1\" content=\"Gesch\u00e4tzte Lesezeit\" \/>\n\t<meta name=\"twitter:data1\" content=\"4\u00a0Minuten\" \/>\n<script type=\"application\/ld+json\" class=\"yoast-schema-graph\">{\"@context\":\"https:\/\/schema.org\",\"@graph\":[{\"@type\":\"WebPage\",\"@id\":\"https:\/\/www.zelenysen.sk\/informacie\/employment\/\",\"url\":\"https:\/\/www.zelenysen.sk\/informacie\/employment\/\",\"name\":\"[:en]Employment [:de]Besch\u00e4ftigung[:] - Zelen\u00fd Sen\",\"isPartOf\":{\"@id\":\"https:\/\/www.zelenysen.sk\/#website\"},\"datePublished\":\"2020-12-30T14:50:17+00:00\",\"dateModified\":\"2022-10-24T08:00:20+00:00\",\"breadcrumb\":{\"@id\":\"https:\/\/www.zelenysen.sk\/informacie\/employment\/#breadcrumb\"},\"inLanguage\":\"de\",\"potentialAction\":[{\"@type\":\"ReadAction\",\"target\":[\"https:\/\/www.zelenysen.sk\/informacie\/employment\/\"]}]},{\"@type\":\"BreadcrumbList\",\"@id\":\"https:\/\/www.zelenysen.sk\/informacie\/employment\/#breadcrumb\",\"itemListElement\":[{\"@type\":\"ListItem\",\"position\":1,\"name\":\"Domovsk\u00e1 str\u00e1nka\",\"item\":\"https:\/\/www.zelenysen.sk\/\"},{\"@type\":\"ListItem\",\"position\":2,\"name\":\"Inform\u00e1cie\",\"item\":\"https:\/\/www.zelenysen.sk\/informacie\/\"},{\"@type\":\"ListItem\",\"position\":3,\"name\":\"Employment\"}]},{\"@type\":\"WebSite\",\"@id\":\"https:\/\/www.zelenysen.sk\/#website\",\"url\":\"https:\/\/www.zelenysen.sk\/\",\"name\":\"Zelen\u00fd Sen\",\"description\":\"\",\"potentialAction\":[{\"@type\":\"SearchAction\",\"target\":{\"@type\":\"EntryPoint\",\"urlTemplate\":\"https:\/\/www.zelenysen.sk\/?s={search_term_string}\"},\"query-input\":{\"@type\":\"PropertyValueSpecification\",\"valueRequired\":true,\"valueName\":\"search_term_string\"}}],\"inLanguage\":\"de\"}]}<\/script>\n<!-- \/ Yoast SEO plugin. -->","yoast_head_json":{"title":"[:en]Employment [:de]Besch\u00e4ftigung[:] - Zelen\u00fd Sen","robots":{"index":"index","follow":"follow","max-snippet":"max-snippet:-1","max-image-preview":"max-image-preview:large","max-video-preview":"max-video-preview:-1"},"canonical":"https:\/\/www.zelenysen.sk\/informacie\/employment\/","og_locale":"de_DE","og_type":"article","og_title":"[:en]Employment [:de]Besch\u00e4ftigung[:] - Zelen\u00fd Sen","og_description":"[vc_row css=&#8220;.vc_custom_1608571881011{margin-top: -50px !important;border-top-width: 1px !important;border-right-width: 1px !important;border-bottom-width: 1px !important;border-left-width: 1px !important;padding-top: 0px !important;background-color: #ffffff !important;border-left-color: #d9deda !important;border-left-style: solid !important;border-right-color: #d9deda !important;border-right-style: solid !important;border-top-color: #d9deda !important;border-top-style: solid !important;border-bottom-color: #d9deda !important;border-bottom-style: solid !important;border-radius: 5px !important;}&#8220;][vc_column css=&#8220;.vc_custom_1608560194424{margin-top: 0px !important;margin-bottom: 0px !important;border-top-width: 0px !important;border-bottom-width: 0px !important;padding-top: 0px !important;padding-bottom: 0px !important;}&#8220;][vc_row_inner css=&#8220;.vc_custom_1608560000949{margin-top: 0px !important;border-top-width: 0px !important;border-bottom-width: 1px !important;padding-top: 0px&hellip;","og_url":"https:\/\/www.zelenysen.sk\/informacie\/employment\/","og_site_name":"Zelen\u00fd Sen","article_modified_time":"2022-10-24T08:00:20+00:00","twitter_card":"summary_large_image","twitter_misc":{"Gesch\u00e4tzte Lesezeit":"4\u00a0Minuten"},"schema":{"@context":"https:\/\/schema.org","@graph":[{"@type":"WebPage","@id":"https:\/\/www.zelenysen.sk\/informacie\/employment\/","url":"https:\/\/www.zelenysen.sk\/informacie\/employment\/","name":"[:en]Employment [:de]Besch\u00e4ftigung[:] - Zelen\u00fd Sen","isPartOf":{"@id":"https:\/\/www.zelenysen.sk\/#website"},"datePublished":"2020-12-30T14:50:17+00:00","dateModified":"2022-10-24T08:00:20+00:00","breadcrumb":{"@id":"https:\/\/www.zelenysen.sk\/informacie\/employment\/#breadcrumb"},"inLanguage":"de","potentialAction":[{"@type":"ReadAction","target":["https:\/\/www.zelenysen.sk\/informacie\/employment\/"]}]},{"@type":"BreadcrumbList","@id":"https:\/\/www.zelenysen.sk\/informacie\/employment\/#breadcrumb","itemListElement":[{"@type":"ListItem","position":1,"name":"Domovsk\u00e1 str\u00e1nka","item":"https:\/\/www.zelenysen.sk\/"},{"@type":"ListItem","position":2,"name":"Inform\u00e1cie","item":"https:\/\/www.zelenysen.sk\/informacie\/"},{"@type":"ListItem","position":3,"name":"Employment"}]},{"@type":"WebSite","@id":"https:\/\/www.zelenysen.sk\/#website","url":"https:\/\/www.zelenysen.sk\/","name":"Zelen\u00fd Sen","description":"","potentialAction":[{"@type":"SearchAction","target":{"@type":"EntryPoint","urlTemplate":"https:\/\/www.zelenysen.sk\/?s={search_term_string}"},"query-input":{"@type":"PropertyValueSpecification","valueRequired":true,"valueName":"search_term_string"}}],"inLanguage":"de"}]}},"_links":{"self":[{"href":"https:\/\/www.zelenysen.sk\/de\/wp-json\/wp\/v2\/pages\/534","targetHints":{"allow":["GET"]}}],"collection":[{"href":"https:\/\/www.zelenysen.sk\/de\/wp-json\/wp\/v2\/pages"}],"about":[{"href":"https:\/\/www.zelenysen.sk\/de\/wp-json\/wp\/v2\/types\/page"}],"author":[{"embeddable":true,"href":"https:\/\/www.zelenysen.sk\/de\/wp-json\/wp\/v2\/users\/1"}],"replies":[{"embeddable":true,"href":"https:\/\/www.zelenysen.sk\/de\/wp-json\/wp\/v2\/comments?post=534"}],"version-history":[{"count":3,"href":"https:\/\/www.zelenysen.sk\/de\/wp-json\/wp\/v2\/pages\/534\/revisions"}],"predecessor-version":[{"id":951,"href":"https:\/\/www.zelenysen.sk\/de\/wp-json\/wp\/v2\/pages\/534\/revisions\/951"}],"up":[{"embeddable":true,"href":"https:\/\/www.zelenysen.sk\/de\/wp-json\/wp\/v2\/pages\/28"}],"wp:attachment":[{"href":"https:\/\/www.zelenysen.sk\/de\/wp-json\/wp\/v2\/media?parent=534"}],"curies":[{"name":"wp","href":"https:\/\/api.w.org\/{rel}","templated":true}]}}