{"id":42,"date":"2020-12-19T21:31:25","date_gmt":"2020-12-19T20:31:25","guid":{"rendered":"https:\/\/www.zelenysen.sk\/?page_id=42"},"modified":"2025-12-02T09:16:14","modified_gmt":"2025-12-02T08:16:14","slug":"pre-pacientov","status":"publish","type":"page","link":"https:\/\/www.zelenysen.sk\/de\/informacie\/pre-pacientov\/","title":{"rendered":"F\u00fcr Patienten"},"content":{"rendered":"<div class=\"wpb-content-wrapper\"><p>[vc_row css=&#8220;.vc_custom_1608571881011{margin-top: -50px !important;border-top-width: 1px !important;border-right-width: 1px !important;border-bottom-width: 1px !important;border-left-width: 1px !important;padding-top: 0px !important;background-color: #ffffff !important;border-left-color: #d9deda !important;border-left-style: solid !important;border-right-color: #d9deda !important;border-right-style: solid !important;border-top-color: #d9deda !important;border-top-style: solid !important;border-bottom-color: #d9deda !important;border-bottom-style: solid !important;border-radius: 5px !important;}&#8220;][vc_column css=&#8220;.vc_custom_1608560194424{margin-top: 0px !important;margin-bottom: 0px !important;border-top-width: 0px !important;border-bottom-width: 0px !important;padding-top: 0px !important;padding-bottom: 0px !important;}&#8220;][vc_row_inner css=&#8220;.vc_custom_1608560000949{margin-top: 0px !important;border-top-width: 0px !important;border-bottom-width: 1px !important;padding-top: 0px !important;background-color: #f2f2f2 !important;border-top-color: #d9deda !important;border-top-style: solid !important;border-bottom-color: #d9deda !important;border-bottom-style: solid !important;}&#8220;][vc_column_inner css=&#8220;.vc_custom_1608560097968{margin-top: 0px !important;margin-bottom: 0px !important;border-top-width: 0px !important;border-bottom-width: 0px !important;padding-top: 0px !important;padding-bottom: 0px !important;}&#8220;]<style type=\"text\/css\" data-type=\"the7_shortcodes-inline-css\">.dt-breadcrumbs-id-9ad02a9d71a1e3ed7cff9571e540fdae .breadcrumbs {\n  display: inline-block;\n  margin: 0;\n  padding: 10px 10px 10px 10px;\n  border: 1px solid #f2f2f2;\n  border-radius: 0px;\n}\n.dt-breadcrumbs-id-9ad02a9d71a1e3ed7cff9571e540fdae .breadcrumbs * {\n  font-size: 14px;\n  line-height: 14px;\n  font-weight: bold;\n  text-transform: uppercase;\n  color: #353535;\n}\n<\/style><div class=\"dt-breadcrumbs-shortcode dt-breadcrumbs-id-9ad02a9d71a1e3ed7cff9571e540fdae align-left\"><div class=\"assistive-text\">Sie befinden sich hier:<\/div><ol class=\"breadcrumbs text-small\" itemscope itemtype=\"https:\/\/schema.org\/BreadcrumbList\"><li itemprop=\"itemListElement\" itemscope itemtype=\"https:\/\/schema.org\/ListItem\"><a itemprop=\"item\" href=\"https:\/\/www.zelenysen.sk\/de\/\" title=\"Start\"><span itemprop=\"name\">Start<\/span><\/a><meta itemprop=\"position\" content=\"1\" \/><\/li><li class=\"current\" itemprop=\"itemListElement\" itemscope itemtype=\"https:\/\/schema.org\/ListItem\"><span itemprop=\"name\">Seite<\/span><meta itemprop=\"position\" content=\"2\" \/><\/li><\/ol><\/div>[\/vc_column_inner][\/vc_row_inner][vc_row_inner][vc_column_inner width=&#8220;1\/3&#8243;][vc_widget_sidebar sidebar_id=&#8220;sidebar_8&#8243;][\/vc_column_inner][vc_column_inner width=&#8220;2\/3&#8243;][vc_column_text]<\/p>\n<h1>Allgemeine Informationen<\/h1>\n<p>[\/vc_column_text]<div class=\"standard-number-list bullet-top\"><h3>Krankenversicherungen<\/h3>\n<p>Die medizinische Betreuung wird in unserem Krankenhaus vollumf\u00e4nglich durch Krankenkassen erstattet.<\/p>\n<h2>DIE EUROP\u00c4ISCHE CHARTA DER PATIENTENRECHTE<\/h2>\n<ul>\n<li>Das Recht auf Pr\u00e4vention<\/li>\n<\/ul>\n<p>Jeder Einzelne hat das Recht auf Gew\u00e4hrleistung angemessener Dienstleistungen auf Pr\u00e4vention von Krankheiten.<\/p>\n<ul>\n<li>Das Recht auf Zugang zu medizinischen Dienstleistungen<\/li>\n<\/ul>\n<p>Jeder Einzelne hat das Recht auf Zugang zu solchen medizinischen Dienstleistungen, die seine Gesundheit ben\u00f6tigt. Medizinische Dienstleistungen sollen gleichen Zugang f\u00fcr jeden garantieren, ohne Diskriminierung wegen seiner finanziellen Lage, Wohnort, Krankheitsbeschaffung oder Zeit des Zugangs zur medizinischen Betreuung.<\/p>\n<ul>\n<li>Informationsrecht<\/li>\n<\/ul>\n<p>Jeder Einzelne hat das Recht auf Zugang zu allen Informationen bez\u00fcglich seines gesundheitlichen Zustandes, medizinischer Leistungen und ihrer Anspruchsnahme, sowie auf alle zug\u00e4nglichen Informationen der wissenschaftlichen Forschung und technischer Innovation.<\/p>\n<ul>\n<li>Das Recht auf Zustimmungs\u00e4u\u00dferung<\/li>\n<\/ul>\n<p>Jeder Einzelne hat das Recht auf Zugang zu allen Informationen, die ihm eine aktive Mitbeteiligung an Mitbestimmung \u00fcber seinen gesundheitlichen Zustand erm\u00f6glichen w\u00fcrden; diese Informationen sind die Grundbedingungen vor jeglichen Prozeduren oder Behandlung, incl. Teilnahme an wissenschaftlicher Forschung.<\/p>\n<ul>\n<li>Das Recht auf freie Wahl<\/li>\n<\/ul>\n<p>Jeder Einzelne hat das Recht, frei und aufgrund zug\u00e4nglicher Informationen seine Behandlungsmethode und Anbieter zu w\u00e4hlen.<\/p>\n<ul>\n<li>Das Recht auf Privatsph\u00e4re und vertraulichen Zugang<\/li>\n<\/ul>\n<p>Jeder Einzelne hat das Recht auf Erhaltung eines vertraulichen Zugangs zu seinen Personalinformationen, incl. Informationen bez\u00fcglich seines gesundheitlichen Zustandes und m\u00f6glicher diagnostischer Methoden und Betreuungsmethoden, sowie auf Schutz seiner Privatsph\u00e4re bei Aus\u00fcbung diagnostischer Untersuchungen, Untersuchungen beim Facharzt und \u00e4rztlicher Behandlungen oder chirurgischer Eingriffe im Allgemeinen.<\/p>\n<ul>\n<li>Das Recht auf respektvolle Akzeptanz der Zeit des Patienten<\/li>\n<\/ul>\n<p>Jeder Einzelne hat das Recht, in kurzer, im Voraus festgelegter Zeit behandelt zu werden. Dieses Recht bezieht sich auf alle Phasen seiner Betreuung.<\/p>\n<ul>\n<li>Das Recht auf Einhaltung von Qualit\u00e4tsniveau<\/li>\n<\/ul>\n<p>Jeder Einzelne hat das Recht auf Zugang zu medizinischen Dienstleistungen von hoher Qualit\u00e4t aufgrund von Spezifizierung und auf Einhaltung von genau festgelegten Normen.<\/p>\n<ul>\n<li>Das Recht des Patienten auf Sicherheit<\/li>\n<\/ul>\n<p>Jeder Einzelne hat das Recht darauf, keinen Schaden wegen unzureichendem Funktionieren medizinsicher Dienstleistungen, Vernachl\u00e4ssigung medizinsicher Betreuung und Fehler zu erleiden, und das Recht auf Zugang zu medizinischen Dienstleistungen, zur Pflege und Behandlung, die festgelegte Sicherheitsnormen erf\u00fcllen.<\/p>\n<ul>\n<li>Das Recht auf Innovationen<\/li>\n<\/ul>\n<p>Jeder Einzelne hat das Recht auf Zugang zu innovativen Methoden, incl. diagnostischer Methoden, im Sinne internationaler Normen und unabh\u00e4ngig von \u00f6konomischen oder finanziellen Gegebenheiten.<\/p>\n<ul>\n<li>Das Recht auf Vorbeugung unn\u00f6tigen Leidens und Schmerzes<\/li>\n<\/ul>\n<p>Jeder Einzelne hat das Recht, soweit es m\u00f6glich ist, dem unn\u00f6tigen Leiden und Schmerz in allen Etappen seiner Krankheit vorzugehen.<\/p>\n<ul>\n<li>Das Recht auf Betreuung in \u00dcbereinstimmung mit pers\u00f6nlichen Bed\u00fcrfnissen<\/li>\n<\/ul>\n<p>Jeder Einzelne hat das Recht auf diagnostische Programme und Behandlungsmethoden, die m\u00f6glichst genau an seine Bed\u00fcrfnisse abgestimmt sind.<\/p>\n<ul>\n<li>Das Recht auf Beschwerden<\/li>\n<\/ul>\n<p>Jeder Einzelne hat das Recht, Beschwerden zu stellen, und zwar dann, wenn er einen Schaden erleidet. Er hat Recht auf rechtzeitige R\u00fcckantwort oder eine andere Form der R\u00fcckmeldung.<\/p>\n<ul>\n<li>Das Recht auf Schadenersatz<\/li>\n<\/ul>\n<p>Jeder Einzelne hat das Recht auf ausreichenden Schadenersatz in einer angemessenen Frist, immer wenn er einen physischen, moralischen oder psychischen Schaden erleidet, der durch Behandlung oder Betreuung anhand medizinischer Dienstleistungen verursacht wird.<\/p>\n<\/div>[\/vc_column_inner][\/vc_row_inner][\/vc_column][\/vc_row]<\/p>\n<\/div>","protected":false},"excerpt":{"rendered":"<p>[vc_row css=&#8220;.vc_custom_1608571881011{margin-top: -50px !important;border-top-width: 1px !important;border-right-width: 1px !important;border-bottom-width: 1px !important;border-left-width: 1px !important;padding-top: 0px !important;background-color: #ffffff !important;border-left-color: #d9deda !important;border-left-style: solid !important;border-right-color: #d9deda !important;border-right-style: solid !important;border-top-color: #d9deda !important;border-top-style: solid !important;border-bottom-color: #d9deda !important;border-bottom-style: solid !important;border-radius: 5px !important;}&#8220;][vc_column css=&#8220;.vc_custom_1608560194424{margin-top: 0px !important;margin-bottom: 0px !important;border-top-width: 0px !important;border-bottom-width: 0px !important;padding-top: 0px !important;padding-bottom: 0px !important;}&#8220;][vc_row_inner css=&#8220;.vc_custom_1608560000949{margin-top: 0px !important;border-top-width: 0px !important;border-bottom-width: 1px !important;padding-top: 0px&hellip;<\/p>\n","protected":false},"author":1,"featured_media":0,"parent":28,"menu_order":0,"comment_status":"closed","ping_status":"closed","template":"","meta":{"footnotes":""},"class_list":["post-42","page","type-page","status-publish","hentry","description-off"],"yoast_head":"<!-- This site is optimized with the Yoast SEO plugin v24.6 - https:\/\/yoast.com\/wordpress\/plugins\/seo\/ -->\n<title>F\u00fcr Patienten - Zelen\u00fd Sen<\/title>\n<meta name=\"robots\" content=\"index, follow, max-snippet:-1, max-image-preview:large, max-video-preview:-1\" \/>\n<link rel=\"canonical\" href=\"https:\/\/www.zelenysen.sk\/informacie\/pre-pacientov\/\" \/>\n<meta property=\"og:locale\" content=\"de_DE\" \/>\n<meta property=\"og:type\" content=\"article\" \/>\n<meta property=\"og:title\" content=\"[:sk]Pre pacientov[:en]For Patients[:de]F\u00fcr Patienten[:] - Zelen\u00fd Sen\" \/>\n<meta property=\"og:description\" content=\"[vc_row css=&#8220;.vc_custom_1608571881011{margin-top: -50px !important;border-top-width: 1px !important;border-right-width: 1px !important;border-bottom-width: 1px !important;border-left-width: 1px !important;padding-top: 0px !important;background-color: #ffffff !important;border-left-color: #d9deda !important;border-left-style: solid !important;border-right-color: #d9deda !important;border-right-style: solid !important;border-top-color: #d9deda !important;border-top-style: solid !important;border-bottom-color: #d9deda !important;border-bottom-style: solid !important;border-radius: 5px !important;}&#8220;][vc_column css=&#8220;.vc_custom_1608560194424{margin-top: 0px !important;margin-bottom: 0px !important;border-top-width: 0px !important;border-bottom-width: 0px !important;padding-top: 0px !important;padding-bottom: 0px !important;}&#8220;][vc_row_inner css=&#8220;.vc_custom_1608560000949{margin-top: 0px !important;border-top-width: 0px !important;border-bottom-width: 1px !important;padding-top: 0px&hellip;\" \/>\n<meta property=\"og:url\" content=\"https:\/\/www.zelenysen.sk\/informacie\/pre-pacientov\/\" \/>\n<meta property=\"og:site_name\" content=\"Zelen\u00fd Sen\" \/>\n<meta property=\"article:modified_time\" content=\"2025-12-02T08:16:14+00:00\" \/>\n<meta name=\"twitter:card\" content=\"summary_large_image\" \/>\n<meta name=\"twitter:label1\" content=\"Gesch\u00e4tzte Lesezeit\" \/>\n\t<meta name=\"twitter:data1\" content=\"4\u00a0Minuten\" \/>\n<script type=\"application\/ld+json\" class=\"yoast-schema-graph\">{\"@context\":\"https:\/\/schema.org\",\"@graph\":[{\"@type\":\"WebPage\",\"@id\":\"https:\/\/www.zelenysen.sk\/informacie\/pre-pacientov\/\",\"url\":\"https:\/\/www.zelenysen.sk\/informacie\/pre-pacientov\/\",\"name\":\"[:sk]Pre pacientov[:en]For Patients[:de]F\u00fcr Patienten[:] - Zelen\u00fd Sen\",\"isPartOf\":{\"@id\":\"https:\/\/www.zelenysen.sk\/#website\"},\"datePublished\":\"2020-12-19T20:31:25+00:00\",\"dateModified\":\"2025-12-02T08:16:14+00:00\",\"breadcrumb\":{\"@id\":\"https:\/\/www.zelenysen.sk\/informacie\/pre-pacientov\/#breadcrumb\"},\"inLanguage\":\"de\",\"potentialAction\":[{\"@type\":\"ReadAction\",\"target\":[\"https:\/\/www.zelenysen.sk\/informacie\/pre-pacientov\/\"]}]},{\"@type\":\"BreadcrumbList\",\"@id\":\"https:\/\/www.zelenysen.sk\/informacie\/pre-pacientov\/#breadcrumb\",\"itemListElement\":[{\"@type\":\"ListItem\",\"position\":1,\"name\":\"Domovsk\u00e1 str\u00e1nka\",\"item\":\"https:\/\/www.zelenysen.sk\/\"},{\"@type\":\"ListItem\",\"position\":2,\"name\":\"Inform\u00e1cie\",\"item\":\"https:\/\/www.zelenysen.sk\/informacie\/\"},{\"@type\":\"ListItem\",\"position\":3,\"name\":\"Pre pacientov\"}]},{\"@type\":\"WebSite\",\"@id\":\"https:\/\/www.zelenysen.sk\/#website\",\"url\":\"https:\/\/www.zelenysen.sk\/\",\"name\":\"Zelen\u00fd Sen\",\"description\":\"\",\"potentialAction\":[{\"@type\":\"SearchAction\",\"target\":{\"@type\":\"EntryPoint\",\"urlTemplate\":\"https:\/\/www.zelenysen.sk\/?s={search_term_string}\"},\"query-input\":{\"@type\":\"PropertyValueSpecification\",\"valueRequired\":true,\"valueName\":\"search_term_string\"}}],\"inLanguage\":\"de\"}]}<\/script>\n<!-- \/ Yoast SEO plugin. -->","yoast_head_json":{"title":"[:sk]Pre pacientov[:en]For Patients[:de]F\u00fcr Patienten[:] - Zelen\u00fd Sen","robots":{"index":"index","follow":"follow","max-snippet":"max-snippet:-1","max-image-preview":"max-image-preview:large","max-video-preview":"max-video-preview:-1"},"canonical":"https:\/\/www.zelenysen.sk\/informacie\/pre-pacientov\/","og_locale":"de_DE","og_type":"article","og_title":"[:sk]Pre pacientov[:en]For Patients[:de]F\u00fcr Patienten[:] - Zelen\u00fd Sen","og_description":"[vc_row css=&#8220;.vc_custom_1608571881011{margin-top: -50px !important;border-top-width: 1px !important;border-right-width: 1px !important;border-bottom-width: 1px !important;border-left-width: 1px !important;padding-top: 0px !important;background-color: #ffffff !important;border-left-color: #d9deda !important;border-left-style: solid !important;border-right-color: #d9deda !important;border-right-style: solid !important;border-top-color: #d9deda !important;border-top-style: solid !important;border-bottom-color: #d9deda !important;border-bottom-style: solid !important;border-radius: 5px !important;}&#8220;][vc_column css=&#8220;.vc_custom_1608560194424{margin-top: 0px !important;margin-bottom: 0px !important;border-top-width: 0px !important;border-bottom-width: 0px !important;padding-top: 0px !important;padding-bottom: 0px !important;}&#8220;][vc_row_inner css=&#8220;.vc_custom_1608560000949{margin-top: 0px !important;border-top-width: 0px !important;border-bottom-width: 1px !important;padding-top: 0px&hellip;","og_url":"https:\/\/www.zelenysen.sk\/informacie\/pre-pacientov\/","og_site_name":"Zelen\u00fd Sen","article_modified_time":"2025-12-02T08:16:14+00:00","twitter_card":"summary_large_image","twitter_misc":{"Gesch\u00e4tzte Lesezeit":"4\u00a0Minuten"},"schema":{"@context":"https:\/\/schema.org","@graph":[{"@type":"WebPage","@id":"https:\/\/www.zelenysen.sk\/informacie\/pre-pacientov\/","url":"https:\/\/www.zelenysen.sk\/informacie\/pre-pacientov\/","name":"[:sk]Pre pacientov[:en]For Patients[:de]F\u00fcr Patienten[:] - Zelen\u00fd Sen","isPartOf":{"@id":"https:\/\/www.zelenysen.sk\/#website"},"datePublished":"2020-12-19T20:31:25+00:00","dateModified":"2025-12-02T08:16:14+00:00","breadcrumb":{"@id":"https:\/\/www.zelenysen.sk\/informacie\/pre-pacientov\/#breadcrumb"},"inLanguage":"de","potentialAction":[{"@type":"ReadAction","target":["https:\/\/www.zelenysen.sk\/informacie\/pre-pacientov\/"]}]},{"@type":"BreadcrumbList","@id":"https:\/\/www.zelenysen.sk\/informacie\/pre-pacientov\/#breadcrumb","itemListElement":[{"@type":"ListItem","position":1,"name":"Domovsk\u00e1 str\u00e1nka","item":"https:\/\/www.zelenysen.sk\/"},{"@type":"ListItem","position":2,"name":"Inform\u00e1cie","item":"https:\/\/www.zelenysen.sk\/informacie\/"},{"@type":"ListItem","position":3,"name":"Pre pacientov"}]},{"@type":"WebSite","@id":"https:\/\/www.zelenysen.sk\/#website","url":"https:\/\/www.zelenysen.sk\/","name":"Zelen\u00fd Sen","description":"","potentialAction":[{"@type":"SearchAction","target":{"@type":"EntryPoint","urlTemplate":"https:\/\/www.zelenysen.sk\/?s={search_term_string}"},"query-input":{"@type":"PropertyValueSpecification","valueRequired":true,"valueName":"search_term_string"}}],"inLanguage":"de"}]}},"_links":{"self":[{"href":"https:\/\/www.zelenysen.sk\/de\/wp-json\/wp\/v2\/pages\/42","targetHints":{"allow":["GET"]}}],"collection":[{"href":"https:\/\/www.zelenysen.sk\/de\/wp-json\/wp\/v2\/pages"}],"about":[{"href":"https:\/\/www.zelenysen.sk\/de\/wp-json\/wp\/v2\/types\/page"}],"author":[{"embeddable":true,"href":"https:\/\/www.zelenysen.sk\/de\/wp-json\/wp\/v2\/users\/1"}],"replies":[{"embeddable":true,"href":"https:\/\/www.zelenysen.sk\/de\/wp-json\/wp\/v2\/comments?post=42"}],"version-history":[{"count":8,"href":"https:\/\/www.zelenysen.sk\/de\/wp-json\/wp\/v2\/pages\/42\/revisions"}],"predecessor-version":[{"id":1348,"href":"https:\/\/www.zelenysen.sk\/de\/wp-json\/wp\/v2\/pages\/42\/revisions\/1348"}],"up":[{"embeddable":true,"href":"https:\/\/www.zelenysen.sk\/de\/wp-json\/wp\/v2\/pages\/28"}],"wp:attachment":[{"href":"https:\/\/www.zelenysen.sk\/de\/wp-json\/wp\/v2\/media?parent=42"}],"curies":[{"name":"wp","href":"https:\/\/api.w.org\/{rel}","templated":true}]}}