{"id":24,"date":"2020-12-19T21:21:06","date_gmt":"2020-12-19T20:21:06","guid":{"rendered":"https:\/\/www.zelenysen.sk\/?page_id=24"},"modified":"2026-03-21T18:57:59","modified_gmt":"2026-03-21T17:57:59","slug":"jednotka-dlhodobej-intenzivnej-starostlivosti","status":"publish","type":"page","link":"https:\/\/www.zelenysen.sk\/de\/jednotka-dlhodobej-intenzivnej-starostlivosti\/","title":{"rendered":"Langzeitige Intensivpflegestation"},"content":{"rendered":"<div class=\"wpb-content-wrapper\"><p>[vc_row css=&#8220;.vc_custom_1608571881011{margin-top: -50px !important;border-top-width: 1px !important;border-right-width: 1px !important;border-bottom-width: 1px !important;border-left-width: 1px !important;padding-top: 0px !important;background-color: #ffffff !important;border-left-color: #d9deda !important;border-left-style: solid !important;border-right-color: #d9deda !important;border-right-style: solid !important;border-top-color: #d9deda !important;border-top-style: solid !important;border-bottom-color: #d9deda !important;border-bottom-style: solid !important;border-radius: 5px !important;}&#8220;][vc_column css=&#8220;.vc_custom_1608560194424{margin-top: 0px !important;margin-bottom: 0px !important;border-top-width: 0px !important;border-bottom-width: 0px !important;padding-top: 0px !important;padding-bottom: 0px !important;}&#8220;][vc_row_inner css=&#8220;.vc_custom_1608560000949{margin-top: 0px !important;border-top-width: 0px !important;border-bottom-width: 1px !important;padding-top: 0px !important;background-color: #f2f2f2 !important;border-top-color: #d9deda !important;border-top-style: solid !important;border-bottom-color: #d9deda !important;border-bottom-style: solid !important;}&#8220;][vc_column_inner css=&#8220;.vc_custom_1608560097968{margin-top: 0px !important;margin-bottom: 0px !important;border-top-width: 0px !important;border-bottom-width: 0px !important;padding-top: 0px !important;padding-bottom: 0px !important;}&#8220;]<style type=\"text\/css\" data-type=\"the7_shortcodes-inline-css\">.dt-breadcrumbs-id-9ad02a9d71a1e3ed7cff9571e540fdae .breadcrumbs {\n  display: inline-block;\n  margin: 0;\n  padding: 10px 10px 10px 10px;\n  border: 1px solid #f2f2f2;\n  border-radius: 0px;\n}\n.dt-breadcrumbs-id-9ad02a9d71a1e3ed7cff9571e540fdae .breadcrumbs * {\n  font-size: 14px;\n  line-height: 14px;\n  font-weight: bold;\n  text-transform: uppercase;\n  color: #353535;\n}\n<\/style><div class=\"dt-breadcrumbs-shortcode dt-breadcrumbs-id-9ad02a9d71a1e3ed7cff9571e540fdae align-left\"><div class=\"assistive-text\">Sie befinden sich hier:<\/div><ol class=\"breadcrumbs text-small\" itemscope itemtype=\"https:\/\/schema.org\/BreadcrumbList\"><li itemprop=\"itemListElement\" itemscope itemtype=\"https:\/\/schema.org\/ListItem\"><a itemprop=\"item\" href=\"https:\/\/www.zelenysen.sk\/de\/\" title=\"Start\"><span itemprop=\"name\">Start<\/span><\/a><meta itemprop=\"position\" content=\"1\" \/><\/li><li class=\"current\" itemprop=\"itemListElement\" itemscope itemtype=\"https:\/\/schema.org\/ListItem\"><span itemprop=\"name\">Seite<\/span><meta itemprop=\"position\" content=\"2\" \/><\/li><\/ol><\/div>[\/vc_column_inner][\/vc_row_inner][vc_row_inner][vc_column_inner width=&#8220;1\/3&#8243;][vc_widget_sidebar sidebar_id=&#8220;sidebar_5&#8243;][\/vc_column_inner][vc_column_inner width=&#8220;2\/3&#8243;][vc_column_text]<\/p>\n<h1>Jednotka dlhodobej intenz\u00edvnej starostlivosti<\/h1>\n<p>[\/vc_column_text][vc_column_text css=&#8220;&#8220;]Oddelenie dlhodobej intenz\u00edvnej starostlivosti, ktor\u00e9 zah\u00e1jilo prev\u00e1dzku ako prv\u00e9 v r\u00e1mci nemocnice, je nov\u00e9 modern\u00e9 oddelenie, person\u00e1lne a technicky na ve\u013emi vysokej \u00farovni. Poskytujeme zdravotn\u00fa starostlivos\u0165 pacientom vy\u017eaduj\u00facim dlhodob\u00fa umel\u00fa p\u013e\u00facnu ventil\u00e1ciu. K dispoz\u00edcii m\u00e1me celkovo 20 l\u00f4\u017eok pre dlhodobo ventilovan\u00fdch pacientov (4 jednol\u00f4\u017ekov\u00e9 a 8 dvojl\u00f4\u017ekov\u00e9 izby), kompletne vybaven\u00e9 najmodernej\u0161ou pr\u00edstrojovou technikou.[\/vc_column_text][vc_single_image image=&#8220;307&#8243; img_size=&#8220;full&#8220; alignment=&#8220;center&#8220;][vc_column_text css=&#8220;&#8220;]Na\u0161imi klientami s\u00fa pacienti, u ktor\u00fdch do\u0161lo po zvl\u00e1dnut\u00ed ak\u00fatnej f\u00e1zy kritick\u00e9ho stavu k jeho stabiliz\u00e1cii, ale neobnovila sa u nich jedna alebo viac \u017eivotn\u00fdch funkci\u00ed. Prij\u00edmame pacientov z oddelen\u00ed anesteziol\u00f3gie a intenz\u00edvnej medic\u00edny z cel\u00e9ho Slovenska a Eur\u00f3pskej \u00danie po splnen\u00ed ur\u010den\u00fdch krit\u00e9ri\u00ed bez obmedzenia, do naplnenia kapacitn\u00fdch mo\u017enost\u00ed. Medzi hlavn\u00e9 diagn\u00f3zy, pre ktor\u00e9 sa k n\u00e1m pacienti dostan\u00fa, patria pacienti po \u00farazoch, poruch\u00e1ch vedomia infek\u010dnej aj neinfek\u010dnej etiol\u00f3gie, po cievnej mozgovej pr\u00edhode, pacienti s ochoreniami nervovo svalovej s\u00fastavy v pokro\u010dilom \u0161t\u00e1diu ochorenia so syndr\u00f3mom z\u00e1vislosti od umelej p\u013e\u00facnej ventil\u00e1cie.<\/p>\n<p>Cie\u013eom JDIS je pokra\u010dovanie v\u00a0zavedenom z\u00e1kladnom lie\u010debnom procese pacienta, zbavenie jeho z\u00e1vislosti na podpore z\u00e1kladn\u00fdch \u017eivotn\u00fdch funkci\u00ed ( pokia\u013e to samozrejme charakter z\u00e1kladn\u00e9ho ochorenia umo\u017e\u0148uje), intenz\u00edvna ka\u017edodenn\u00e1 fyzioterapia a\u00a0a\u00a0zah\u00e1jenie, pr\u00edpadne pokra\u010dovanie v\u00a0n\u00e1cviku z\u00e1kladn\u00fdch \u017eivotn\u00fdch n\u00e1vykov, \u010di u\u017e ide o\u00a0schopnos\u0165 komunik\u00e1cie s\u00a0okol\u00edm, pr\u00edjem potravy a\u00a0vylu\u010dovanie. Vo ve\u013ekej miere pou\u017e\u00edvame na oddelen\u00ed princ\u00edpy baz\u00e1lnej stimul\u00e1cie, ktor\u00e1 v\u00fdznamne podporuje a\u00a0ur\u00fdch\u013euje komplexn\u00fd lie\u010debn\u00fd proces.<\/p>\n<h3>Lek\u00e1ri:<\/h3>\n<p>MUDr. Jozef Kern\u00e1\u010d, prim\u00e1r JDIS<br \/>\nMUDr. Milena Viga\u0161ov\u00e1, ordin\u00e1r JDIS<br \/>\nMUDr. Georgii Merkuriev, lek\u00e1r JDIS<\/p>\n<h3>Ved\u00faca sestra:<\/h3>\n<p>Bc. Eli\u0161ka Hudecov\u00e1<\/p>\n<h3>Mana\u017e\u00e9rka dennej zmeny:<\/h3>\n<p>Viera Mlyn\u00e1rikov\u00e1<\/p>\n<h3>N\u00e1v\u0161tevn\u00e9 hodiny:<\/h3>\n<p>od 12:00 \u2013 17:00 hod. denne<\/p>\n<h3>Informa\u010dn\u00e9 hodiny:<\/h3>\n<p>Pondelok &#8211; piatok: 13:00 &#8211; 15:00[\/vc_column_text][vc_masonry_media_grid gap=&#8220;3&#8243; grid_id=&#8220;vc_gid:1774115819904-a1effc32ffb2ad4a3196ed9b772d0a2d-7&#8243; include=&#8220;306,305,309,308,307&#8243;][vc_empty_space][vc_column_text]<\/p>\n<h3><strong>Narodeniny p. Le\u0161t\u00e1ka<\/strong><\/h3>\n<p>[\/vc_column_text][vc_media_grid grid_id=&#8220;vc_gid:1774115819920-fa994169c1745ba6499bd3da71ecda0d-9&#8243; include=&#8220;1095,1094,1093,1091,1090,1089&#8243;][vc_column_text]<div style=\"width: 368px;\" class=\"wp-video\"><video class=\"wp-video-shortcode\" id=\"video-24-1\" width=\"368\" height=\"656\" preload=\"metadata\" controls=\"controls\"><source type=\"video\/mp4\" src=\"https:\/\/www.zelenysen.sk\/wp-content\/uploads\/2024\/02\/Messenger_creation_7156180911340693457.mp4?_=1\" \/><a href=\"https:\/\/www.zelenysen.sk\/wp-content\/uploads\/2024\/02\/Messenger_creation_7156180911340693457.mp4\">https:\/\/www.zelenysen.sk\/wp-content\/uploads\/2024\/02\/Messenger_creation_7156180911340693457.mp4<\/a><\/video><\/div>[\/vc_column_text][\/vc_column_inner][\/vc_row_inner][\/vc_column][\/vc_row]<\/p>\n<\/div>","protected":false},"excerpt":{"rendered":"<p>[vc_row css=&#8220;.vc_custom_1608571881011{margin-top: -50px !important;border-top-width: 1px !important;border-right-width: 1px !important;border-bottom-width: 1px !important;border-left-width: 1px !important;padding-top: 0px !important;background-color: #ffffff !important;border-left-color: #d9deda !important;border-left-style: solid !important;border-right-color: #d9deda !important;border-right-style: solid !important;border-top-color: #d9deda !important;border-top-style: solid !important;border-bottom-color: #d9deda !important;border-bottom-style: solid !important;border-radius: 5px !important;}&#8220;][vc_column css=&#8220;.vc_custom_1608560194424{margin-top: 0px !important;margin-bottom: 0px !important;border-top-width: 0px !important;border-bottom-width: 0px !important;padding-top: 0px !important;padding-bottom: 0px !important;}&#8220;][vc_row_inner css=&#8220;.vc_custom_1608560000949{margin-top: 0px !important;border-top-width: 0px !important;border-bottom-width: 1px !important;padding-top: 0px&hellip;<\/p>\n","protected":false},"author":1,"featured_media":0,"parent":0,"menu_order":0,"comment_status":"closed","ping_status":"closed","template":"","meta":{"footnotes":""},"class_list":["post-24","page","type-page","status-publish","hentry","description-off"],"yoast_head":"<!-- This site is optimized with the Yoast SEO plugin v24.6 - https:\/\/yoast.com\/wordpress\/plugins\/seo\/ -->\n<title>Langzeitige Intensivpflegestation - Zelen\u00fd Sen<\/title>\n<meta name=\"robots\" content=\"index, follow, max-snippet:-1, max-image-preview:large, max-video-preview:-1\" \/>\n<link rel=\"canonical\" href=\"https:\/\/www.zelenysen.sk\/jednotka-dlhodobej-intenzivnej-starostlivosti\/\" \/>\n<meta property=\"og:locale\" content=\"de_DE\" \/>\n<meta property=\"og:type\" content=\"article\" \/>\n<meta property=\"og:title\" content=\"[:sk]Jednotka dlhodobej intenz\u00edvnej starostlivosti[:en]Long-Stay Intensive Care Unit[:de]Langzeitige Intensivpflegestation[:] - Zelen\u00fd Sen\" \/>\n<meta property=\"og:description\" content=\"[vc_row css=&#8220;.vc_custom_1608571881011{margin-top: -50px !important;border-top-width: 1px !important;border-right-width: 1px !important;border-bottom-width: 1px !important;border-left-width: 1px !important;padding-top: 0px !important;background-color: #ffffff !important;border-left-color: #d9deda !important;border-left-style: solid !important;border-right-color: #d9deda !important;border-right-style: solid !important;border-top-color: #d9deda !important;border-top-style: solid !important;border-bottom-color: #d9deda !important;border-bottom-style: solid !important;border-radius: 5px !important;}&#8220;][vc_column css=&#8220;.vc_custom_1608560194424{margin-top: 0px !important;margin-bottom: 0px !important;border-top-width: 0px !important;border-bottom-width: 0px !important;padding-top: 0px !important;padding-bottom: 0px !important;}&#8220;][vc_row_inner css=&#8220;.vc_custom_1608560000949{margin-top: 0px !important;border-top-width: 0px !important;border-bottom-width: 1px !important;padding-top: 0px&hellip;\" \/>\n<meta property=\"og:url\" content=\"https:\/\/www.zelenysen.sk\/jednotka-dlhodobej-intenzivnej-starostlivosti\/\" \/>\n<meta property=\"og:site_name\" content=\"Zelen\u00fd Sen\" \/>\n<meta property=\"article:modified_time\" content=\"2026-03-21T17:57:59+00:00\" \/>\n<meta name=\"twitter:card\" content=\"summary_large_image\" \/>\n<meta name=\"twitter:label1\" content=\"Gesch\u00e4tzte Lesezeit\" \/>\n\t<meta name=\"twitter:data1\" content=\"3\u00a0Minuten\" \/>\n<script type=\"application\/ld+json\" class=\"yoast-schema-graph\">{\"@context\":\"https:\/\/schema.org\",\"@graph\":[{\"@type\":\"WebPage\",\"@id\":\"https:\/\/www.zelenysen.sk\/jednotka-dlhodobej-intenzivnej-starostlivosti\/\",\"url\":\"https:\/\/www.zelenysen.sk\/jednotka-dlhodobej-intenzivnej-starostlivosti\/\",\"name\":\"[:sk]Jednotka dlhodobej intenz\u00edvnej starostlivosti[:en]Long-Stay Intensive Care Unit[:de]Langzeitige Intensivpflegestation[:] - Zelen\u00fd Sen\",\"isPartOf\":{\"@id\":\"https:\/\/www.zelenysen.sk\/#website\"},\"datePublished\":\"2020-12-19T20:21:06+00:00\",\"dateModified\":\"2026-03-21T17:57:59+00:00\",\"breadcrumb\":{\"@id\":\"https:\/\/www.zelenysen.sk\/jednotka-dlhodobej-intenzivnej-starostlivosti\/#breadcrumb\"},\"inLanguage\":\"de\",\"potentialAction\":[{\"@type\":\"ReadAction\",\"target\":[\"https:\/\/www.zelenysen.sk\/jednotka-dlhodobej-intenzivnej-starostlivosti\/\"]}]},{\"@type\":\"BreadcrumbList\",\"@id\":\"https:\/\/www.zelenysen.sk\/jednotka-dlhodobej-intenzivnej-starostlivosti\/#breadcrumb\",\"itemListElement\":[{\"@type\":\"ListItem\",\"position\":1,\"name\":\"Domovsk\u00e1 str\u00e1nka\",\"item\":\"https:\/\/www.zelenysen.sk\/\"},{\"@type\":\"ListItem\",\"position\":2,\"name\":\"[:sk]Jednotka dlhodobej intenz\u00edvnej starostlivosti[:en]Long-Stay Intensive Care Unit[:de]Langzeitige Intensivpflegestation[:]\"}]},{\"@type\":\"WebSite\",\"@id\":\"https:\/\/www.zelenysen.sk\/#website\",\"url\":\"https:\/\/www.zelenysen.sk\/\",\"name\":\"Zelen\u00fd Sen\",\"description\":\"\",\"potentialAction\":[{\"@type\":\"SearchAction\",\"target\":{\"@type\":\"EntryPoint\",\"urlTemplate\":\"https:\/\/www.zelenysen.sk\/?s={search_term_string}\"},\"query-input\":{\"@type\":\"PropertyValueSpecification\",\"valueRequired\":true,\"valueName\":\"search_term_string\"}}],\"inLanguage\":\"de\"}]}<\/script>\n<!-- \/ Yoast SEO plugin. -->","yoast_head_json":{"title":"[:sk]Jednotka dlhodobej intenz\u00edvnej starostlivosti[:en]Long-Stay Intensive Care Unit[:de]Langzeitige Intensivpflegestation[:] - Zelen\u00fd Sen","robots":{"index":"index","follow":"follow","max-snippet":"max-snippet:-1","max-image-preview":"max-image-preview:large","max-video-preview":"max-video-preview:-1"},"canonical":"https:\/\/www.zelenysen.sk\/jednotka-dlhodobej-intenzivnej-starostlivosti\/","og_locale":"de_DE","og_type":"article","og_title":"[:sk]Jednotka dlhodobej intenz\u00edvnej starostlivosti[:en]Long-Stay Intensive Care Unit[:de]Langzeitige Intensivpflegestation[:] - Zelen\u00fd Sen","og_description":"[vc_row css=&#8220;.vc_custom_1608571881011{margin-top: -50px !important;border-top-width: 1px !important;border-right-width: 1px !important;border-bottom-width: 1px !important;border-left-width: 1px !important;padding-top: 0px !important;background-color: #ffffff !important;border-left-color: #d9deda !important;border-left-style: solid !important;border-right-color: #d9deda !important;border-right-style: solid !important;border-top-color: #d9deda !important;border-top-style: solid !important;border-bottom-color: #d9deda !important;border-bottom-style: solid !important;border-radius: 5px !important;}&#8220;][vc_column css=&#8220;.vc_custom_1608560194424{margin-top: 0px !important;margin-bottom: 0px !important;border-top-width: 0px !important;border-bottom-width: 0px !important;padding-top: 0px !important;padding-bottom: 0px !important;}&#8220;][vc_row_inner css=&#8220;.vc_custom_1608560000949{margin-top: 0px !important;border-top-width: 0px !important;border-bottom-width: 1px !important;padding-top: 0px&hellip;","og_url":"https:\/\/www.zelenysen.sk\/jednotka-dlhodobej-intenzivnej-starostlivosti\/","og_site_name":"Zelen\u00fd Sen","article_modified_time":"2026-03-21T17:57:59+00:00","twitter_card":"summary_large_image","twitter_misc":{"Gesch\u00e4tzte Lesezeit":"3\u00a0Minuten"},"schema":{"@context":"https:\/\/schema.org","@graph":[{"@type":"WebPage","@id":"https:\/\/www.zelenysen.sk\/jednotka-dlhodobej-intenzivnej-starostlivosti\/","url":"https:\/\/www.zelenysen.sk\/jednotka-dlhodobej-intenzivnej-starostlivosti\/","name":"[:sk]Jednotka dlhodobej intenz\u00edvnej starostlivosti[:en]Long-Stay Intensive Care Unit[:de]Langzeitige Intensivpflegestation[:] - Zelen\u00fd Sen","isPartOf":{"@id":"https:\/\/www.zelenysen.sk\/#website"},"datePublished":"2020-12-19T20:21:06+00:00","dateModified":"2026-03-21T17:57:59+00:00","breadcrumb":{"@id":"https:\/\/www.zelenysen.sk\/jednotka-dlhodobej-intenzivnej-starostlivosti\/#breadcrumb"},"inLanguage":"de","potentialAction":[{"@type":"ReadAction","target":["https:\/\/www.zelenysen.sk\/jednotka-dlhodobej-intenzivnej-starostlivosti\/"]}]},{"@type":"BreadcrumbList","@id":"https:\/\/www.zelenysen.sk\/jednotka-dlhodobej-intenzivnej-starostlivosti\/#breadcrumb","itemListElement":[{"@type":"ListItem","position":1,"name":"Domovsk\u00e1 str\u00e1nka","item":"https:\/\/www.zelenysen.sk\/"},{"@type":"ListItem","position":2,"name":"[:sk]Jednotka dlhodobej intenz\u00edvnej starostlivosti[:en]Long-Stay Intensive Care Unit[:de]Langzeitige Intensivpflegestation[:]"}]},{"@type":"WebSite","@id":"https:\/\/www.zelenysen.sk\/#website","url":"https:\/\/www.zelenysen.sk\/","name":"Zelen\u00fd Sen","description":"","potentialAction":[{"@type":"SearchAction","target":{"@type":"EntryPoint","urlTemplate":"https:\/\/www.zelenysen.sk\/?s={search_term_string}"},"query-input":{"@type":"PropertyValueSpecification","valueRequired":true,"valueName":"search_term_string"}}],"inLanguage":"de"}]}},"_links":{"self":[{"href":"https:\/\/www.zelenysen.sk\/de\/wp-json\/wp\/v2\/pages\/24","targetHints":{"allow":["GET"]}}],"collection":[{"href":"https:\/\/www.zelenysen.sk\/de\/wp-json\/wp\/v2\/pages"}],"about":[{"href":"https:\/\/www.zelenysen.sk\/de\/wp-json\/wp\/v2\/types\/page"}],"author":[{"embeddable":true,"href":"https:\/\/www.zelenysen.sk\/de\/wp-json\/wp\/v2\/users\/1"}],"replies":[{"embeddable":true,"href":"https:\/\/www.zelenysen.sk\/de\/wp-json\/wp\/v2\/comments?post=24"}],"version-history":[{"count":25,"href":"https:\/\/www.zelenysen.sk\/de\/wp-json\/wp\/v2\/pages\/24\/revisions"}],"predecessor-version":[{"id":1463,"href":"https:\/\/www.zelenysen.sk\/de\/wp-json\/wp\/v2\/pages\/24\/revisions\/1463"}],"wp:attachment":[{"href":"https:\/\/www.zelenysen.sk\/de\/wp-json\/wp\/v2\/media?parent=24"}],"curies":[{"name":"wp","href":"https:\/\/api.w.org\/{rel}","templated":true}]}}