{"id":1238,"date":"2025-02-06T16:22:17","date_gmt":"2025-02-06T15:22:17","guid":{"rendered":"https:\/\/www.zelenysen.sk\/?page_id=1238"},"modified":"2026-03-30T16:23:00","modified_gmt":"2026-03-30T14:23:00","slug":"gdpr","status":"publish","type":"page","link":"https:\/\/www.zelenysen.sk\/de\/informacie\/gdpr\/","title":{"rendered":"GDPR"},"content":{"rendered":"<div class=\"wpb-content-wrapper\"><p>[vc_row css=&#8220;.vc_custom_1608571881011{margin-top: -50px !important;border-top-width: 1px !important;border-right-width: 1px !important;border-bottom-width: 1px !important;border-left-width: 1px !important;padding-top: 0px !important;background-color: #ffffff !important;border-left-color: #d9deda !important;border-left-style: solid !important;border-right-color: #d9deda !important;border-right-style: solid !important;border-top-color: #d9deda !important;border-top-style: solid !important;border-bottom-color: #d9deda !important;border-bottom-style: solid !important;border-radius: 5px !important;}&#8220;][vc_column css=&#8220;.vc_custom_1608560194424{margin-top: 0px !important;margin-bottom: 0px !important;border-top-width: 0px !important;border-bottom-width: 0px !important;padding-top: 0px !important;padding-bottom: 0px !important;}&#8220;][vc_row_inner css=&#8220;.vc_custom_1608560000949{margin-top: 0px !important;border-top-width: 0px !important;border-bottom-width: 1px !important;padding-top: 0px !important;background-color: #f2f2f2 !important;border-top-color: #d9deda !important;border-top-style: solid !important;border-bottom-color: #d9deda !important;border-bottom-style: solid !important;}&#8220;][vc_column_inner css=&#8220;.vc_custom_1608560097968{margin-top: 0px !important;margin-bottom: 0px !important;border-top-width: 0px !important;border-bottom-width: 0px !important;padding-top: 0px !important;padding-bottom: 0px !important;}&#8220;]<style type=\"text\/css\" data-type=\"the7_shortcodes-inline-css\">.dt-breadcrumbs-id-9ad02a9d71a1e3ed7cff9571e540fdae .breadcrumbs {\n  display: inline-block;\n  margin: 0;\n  padding: 10px 10px 10px 10px;\n  border: 1px solid #f2f2f2;\n  border-radius: 0px;\n}\n.dt-breadcrumbs-id-9ad02a9d71a1e3ed7cff9571e540fdae .breadcrumbs * {\n  font-size: 14px;\n  line-height: 14px;\n  font-weight: bold;\n  text-transform: uppercase;\n  color: #353535;\n}\n<\/style><div class=\"dt-breadcrumbs-shortcode dt-breadcrumbs-id-9ad02a9d71a1e3ed7cff9571e540fdae align-left\"><div class=\"assistive-text\">Sie befinden sich hier:<\/div><ol class=\"breadcrumbs text-small\" itemscope itemtype=\"https:\/\/schema.org\/BreadcrumbList\"><li itemprop=\"itemListElement\" itemscope itemtype=\"https:\/\/schema.org\/ListItem\"><a itemprop=\"item\" href=\"https:\/\/www.zelenysen.sk\/de\/\" title=\"Start\"><span itemprop=\"name\">Start<\/span><\/a><meta itemprop=\"position\" content=\"1\" \/><\/li><li class=\"current\" itemprop=\"itemListElement\" itemscope itemtype=\"https:\/\/schema.org\/ListItem\"><span itemprop=\"name\">Seite<\/span><meta itemprop=\"position\" content=\"2\" \/><\/li><\/ol><\/div>[\/vc_column_inner][\/vc_row_inner][vc_row_inner][vc_column_inner]<style type=\"text\/css\" data-type=\"the7_shortcodes-inline-css\">#default-btn-04dd495350c6667e9e603acc300f0209.ico-right-side > i {\n  margin-right: 0px;\n  margin-left: 8px;\n}\n#default-btn-04dd495350c6667e9e603acc300f0209 > i {\n  margin-right: 8px;\n}\n<\/style><a href=\"https:\/\/www.zelenysen.sk\/wp-content\/uploads\/2026\/03\/Oboznamenie-so-spracovanim_Klienti.pdf\" class=\"default-btn-shortcode dt-btn dt-btn-s link-hover-off btn-inline-right \" target=\"_blank\" id=\"default-btn-04dd495350c6667e9e603acc300f0209\" rel=\"noopener\"><span>PDF na stiahnutie<\/span><\/a>[vc_column_text css=&#8220;&#8220;]<strong>Obozn\u00e1menie so sprac\u00favan\u00edm osobn\u00fdch \u00fadajov<\/strong><\/p>\n<p>&nbsp;<\/p>\n<p>pod\u013ea \u010dl\u00e1nku 13.,NARIADENIA EUR\u00d3PSKEHO PARLAMENTU A RADY (E\u00da) 2016\/679 z 27. apr\u00edla 2016 o ochrane fyzick\u00fdch os\u00f4b pri sprac\u00favan\u00ed osobn\u00fdch \u00fadajov a o vo\u013enom pohybe tak\u00fdchto \u00fadajov a&nbsp;z\u00e1kona \u010d. 18\/2018 Z.z. o ochrane osobn\u00fdch \u00fadajov a o zmene a doplnen\u00ed niektor\u00fdch z\u00e1konov.<\/p>\n<p>&nbsp;<\/p>\n<ol>\n<li><strong> Identifika\u010dn\u00e9 \u00fadaje prev\u00e1dzkovate\u013ea:<\/strong><\/li>\n<\/ol>\n<p>Prev\u00e1dzkovate\u013e: <strong>ZELEN\u00dd SEN, s. r. o.,<\/strong> so s\u00eddlom Cesta k nemocnici 1\/B, 974 01&nbsp; Bansk\u00e1 Bystrica, <strong>I\u010cO:<\/strong> 44184425, na sprac\u00favanie mojich osobn\u00fdch \u00fadajov na vymedzen\u00fd \u00fa\u010del.<\/p>\n<p>(\u010falej len \u201ePrev\u00e1dzkovate\u013e)<\/p>\n<p><strong>&nbsp;<\/strong><\/p>\n<ol>\n<li><strong> \u00da\u010del sprac\u00favania osobn\u00fdch \u00fadajov prev\u00e1dzkovate\u013eom<\/strong>:<\/li>\n<\/ol>\n<p>Spracovanie \u00fadajov pre \u00fa\u010dely vedenie agendy:<\/p>\n<ul>\n<li>\u00da\u010dtovn\u00e9 doklady (Spracovanie \u00fa\u010dtovn\u00fdch dokladov, da\u0148ov\u00e1 agenda, knihy poh\u013ead\u00e1vok a&nbsp;z\u00e1v\u00e4zkov, fakt\u00fary,..)<\/li>\n<li>Pr\u00e1vna agenda (vybavovanie s\u00fadnych sporov, exek\u00facie, zmluvy)<\/li>\n<li>Registrat\u00fara (archiv\u00e1cia dokument\u00e1cie v&nbsp;zmysle z\u00e1kona)<\/li>\n<li>Datab\u00e1za pacientov<\/li>\n<li>Evidencia lek\u00e1rskych v\u00fdkonov<\/li>\n<li>Centr\u00e1lne spracovanie v\u00fdkonov<\/li>\n<li>Vyd\u00e1vanie n\u00e1lezov a&nbsp;v\u00fdsledkov z&nbsp;laborat\u00f3rnych vy\u0161etren\u00ed<\/li>\n<li>Objedn\u00e1vkov\u00fd syst\u00e9m<\/li>\n<li>Vy\u0161etrenie krvn\u00fd obraz, bioch\u00e9mia, mo\u010d<\/li>\n<li>R\u00f6ntgen<\/li>\n<li>Ambulantn\u00e1 rehabilit\u00e1cia<\/li>\n<li>Zverej\u0148ovanie fotografi\u00ed a&nbsp;vide\u00ed na propaga\u010dn\u00e9 \u00fa\u010dely<\/li>\n<li>Vybavovanie \u017eiadost\u00ed dotknut\u00fdch os\u00f4b<\/li>\n<\/ul>\n<p>&nbsp;<\/p>\n<ol>\n<li><strong> Zoznam osobn\u00fdch \u00fadajov : <\/strong><\/li>\n<\/ol>\n<ul>\n<li>meno, priezvisko, titul, podpis,<\/li>\n<li>telef\u00f3nne \u010d\u00edslo, e-mailov\u00e1 adresa,<\/li>\n<li>trval\u00e9 bydlisko,<\/li>\n<\/ul>\n<p>&nbsp;<\/p>\n<p>&nbsp;<\/p>\n<ol>\n<li><strong> Dopl\u0148uj\u00face inform\u00e1cie<\/strong><\/li>\n<\/ol>\n<ol>\n<li>Osobn\u00e9 \u00fadaje v&nbsp;rozsahu odseku C. spracov\u00e1van\u00e9 za \u00fa\u010delom spracovania agendy: \u00da\u010dtovn\u00e9 doklady, Pr\u00e1vna agenda, Registrat\u00fara, Datab\u00e1za pacientov, Datab\u00e1za lek\u00e1rskych v\u00fdkonov, Centr\u00e1lne spracovanie v\u00fdkonov, Vyd\u00e1vanie n\u00e1lezov a&nbsp;v\u00fdsledkov z&nbsp;laborat\u00f3rnych vy\u0161etren\u00ed, Objedn\u00e1vkov\u00fd syst\u00e9m, Vy\u0161etrenie krvn\u00fd obraz, bioch\u00e9mia, mo\u010d, R\u00f6ntgen, Ambulantn\u00e1 rehabilit\u00e1cia, Vybavovanie \u017eiadost\u00ed dotknut\u00fdch os\u00f4b s\u00fa spracov\u00e1van\u00e9 &nbsp;v&nbsp;zmysle \u010dl\u00e1nku 6, ods. 1 p\u00edsmeno c, Nariadenia Eur\u00f3pskeho parlamentu a Rady (E\u00da) 2016\/679 (GDPR)&nbsp; &#8211; sprac\u00favanie osobn\u00fdch \u00fadajov je nevyhnutn\u00e9 pod\u013ea osobitn\u00e9ho predpisu alebo medzin\u00e1rodnej zmluvy, ktorou je Slovensk\u00e1 republika viazan\u00e1.<\/li>\n<\/ol>\n<ol start=\"2\">\n<li>Osobn\u00e9 \u00fadaje v&nbsp;rozsahu meno, priezvisko, bydlisko, e-mail za \u00fa\u010delom vedenia agendy: Objedn\u00e1vkov\u00fd syst\u00e9m, s\u00fa spracov\u00e1van\u00e9 v&nbsp;zmysle \u010dl\u00e1nku 6, ods. 1 p\u00edsmeno b, Nariadenia Eur\u00f3pskeho parlamentu a Rady (E\u00da) 2016\/679 (GDPR) \u2013 sprac\u00favanie osobn\u00fdch \u00fadajov je nevyhnutn\u00e9 na plnenie zmluvy.<\/li>\n<li>Osobn\u00e9 \u00fadaje v&nbsp;rozsahu meno, priezvisko, obrazov\u00fd z\u00e1znam (fotografia, video), spracov\u00e1van\u00e9 za \u00fa\u010delom vedenia agendy: Zverej\u0148ovania fotografi\u00ed a&nbsp;vide\u00ed na propaga\u010dn\u00e9 \u00fa\u010dely s\u00fa spracov\u00e1van\u00e9 v zmysle \u010dl\u00e1nku 6, ods. 1 p\u00edsmeno a, Nariadenia Eur\u00f3pskeho parlamentu a Rady (E\u00da) 2016\/679 (GDPR) \u2013 na z\u00e1klade s\u00fahlasu dotknutej osoby.<\/li>\n<li>Osobn\u00e9 \u00fadaje bud\u00fa poskytnut\u00e9 tret\u00edm stran\u00e1m v&nbsp;zmysle z\u00e1kona (Finan\u010dn\u00e1 spr\u00e1va, Soci\u00e1lna pois\u0165ov\u0148a, D\u0148ov\u00fd \u00farad &#8230;..) a&nbsp;sprostredkovate\u013eom, spolo\u010dnostiam PROSOFT Ko\u0161ice, a. s. , J\u00e1n K\u00f6tele\u0161 \u2013 PROITS, Innovatrics s.r.o. &nbsp;&nbsp;(\u010falej ako \u201eSprostredkovatelia\u201c) a&nbsp;to na z\u00e1klade zml\u00fav.<\/li>\n<\/ol>\n<p>Osobne\u0301 \u00fadaje nebud\u00fa pou\u017eite\u0301 na automatizovane\u0301 individu\u00e1lne rozhodovanie vr\u00e1tane profilovania.<\/p>\n<ol start=\"5\">\n<li>Prev\u00e1dzkovate\u013e vyhlasuje, \u017ee pri v\u00fdbere sprostredkovate\u013eov dbal na ich odborn\u00fa, technick\u00fa, organiza\u010dn\u00fa a person\u00e1lnu sp\u00f4sobilos\u0165 a ich schopnos\u0165 zaru\u010di\u0165 bezpe\u010dnos\u0165 sprac\u00favan\u00fdch osobn\u00fdch \u00fadajov opatreniami v&nbsp;zmysle z\u00e1kona \u010d. 18\/2018 Z.z. o ochrane osobn\u00fdch \u00fadajov a Nariadenia Eur\u00f3pskeho parlamentu a Rady (E\u00da) 2016\/679 (GDPR).<\/li>\n<li>Prev\u00e1dzkovate\u013e vyhlasuje, \u017ee m\u00e1 prijat\u00e9 v\u0161etky opatrenia v&nbsp;zmysle z\u00e1kona \u010d. 18\/2018 Z.z. o ochrane osobn\u00fdch \u00fadajov a Nariadenia Eur\u00f3pskeho parlamentu a Rady (E\u00da) 2016\/679 (GDPR) a t\u00fdmto sa zav\u00e4zuje chr\u00e1ni\u0165 tieto \u00fadaje pred n\u00e1hodn\u00fdm ako aj nez\u00e1konn\u00fdm po\u0161koden\u00edm a zni\u010den\u00edm, n\u00e1hodnou stratou, zmenou, nedovolen\u00fdm pr\u00edstupom a&nbsp;spr\u00edstupnen\u00edm ako aj pred ak\u00fdmiko\u013evek in\u00fdmi nepr\u00edpustn\u00fdmi formami sprac\u00favania v&nbsp;zmysle opatren\u00ed prijat\u00fdch v&nbsp;pos\u00faden\u00ed vplyvu na ochranu osobn\u00fdch \u00fadajov.<\/li>\n<li>Sprostredkovate\u013e sa zav\u00e4zuje sprac\u00fava\u0165 osobn\u00e9 \u00fadaje len v&nbsp;rozsahu a&nbsp;za podmienok dojednan\u00fdch v&nbsp;poveren\u00ed sprostredkovate\u013ea spracovan\u00edm osobn\u00fdch \u00fadajov.<\/li>\n<li>Prev\u00e1dzkovate\u013e prehlasuje, \u017ee nebude poskytova\u0165 osobn\u00e9 \u00fadaje in\u00fdm Sprostredkovate\u013eom, ako t\u00fdm, ktor\u00fd s\u00fa uveden\u00e9 v&nbsp;tomto obozn\u00e1men\u00ed.<\/li>\n<li>Prev\u00e1dzkovate\u013e prehlasuje, \u017ee bude zhroma\u017e\u010fova\u0165 osobn\u00e9 \u00fadaje v rozsahu nevyhnutnom pre naplnenie stanoven\u00e9ho \u00fa\u010delu a spracov\u00e1va\u0165 len v s\u00falade s \u00fa\u010delom, na ktor\u00fd boli zhroma\u017eden\u00e9.<\/li>\n<li>Prev\u00e1dzkovate\u013e je povinn\u00fd zachov\u00e1va\u0165 ml\u010danlivos\u0165 o osobn\u00fdch \u00fadajoch, ktor\u00e9 sprac\u00favaj\u00fa. Povinnos\u0165 ml\u010danlivosti trv\u00e1 aj po ukon\u010den\u00ed sprac\u00favania osobn\u00fdch \u00fadajov.<\/li>\n<li>V&nbsp;spolo\u010dnosti je ustanoven\u00e1 zodpovedn\u00e1 osoba.<\/li>\n<\/ol>\n<p>&nbsp;<\/p>\n<ol>\n<li><strong> Doba uchov\u00e1vania OU:<\/strong><\/li>\n<\/ol>\n<p><strong>&nbsp;<\/strong><\/p>\n<ol>\n<li>Zmluvy, \u00fa\u010dtovn\u00e9 doklady, poklad\u0148a \u2013 10 rokov<\/li>\n<li>evidencia uplatnen\u00fdch pr\u00e1v dotknut\u00fdch os\u00f4b pod\u013ea z\u00e1kona \u010d. 18\/2018 Z. z. o ochrane osobn\u00fdch \u00fadajov a&nbsp;o zmene a doplnen\u00ed niektor\u00fdch z\u00e1konov \u2013 pod\u013ea Registrat\u00farneho pl\u00e1nu<\/li>\n<li>spr\u00e1va registrat\u00fary \u2013 10 rokov (registrat\u00farny denn\u00edk), 5 rokov (preberacie zoznamy spisov odovzdan\u00fdch do registrat\u00farneho strediska), 5 rokov (evidencia vypo\u017ei\u010dan\u00fdch spisov z registrat\u00farneho strediska), 10 rokov (vyra\u010fovacie konanie), 5 rokov (evidencia obehu registrat\u00farnych z\u00e1znamov a spisov), 5* (evidencia eviden\u010dn\u00fdch pom\u00f4cok)<\/li>\n<li>vybavovanie s\u00fadnych sporov \u2013 5 rokov<\/li>\n<li>spracovanie \u00fa\u010dtovn\u00fdch dokladov \u2013 10 rokov<\/li>\n<li>vedenie agendy vybavovania \u017eiadost\u00ed dotknut\u00fdch os\u00f4b \u2013 10 rokov<\/li>\n<li>vedenie agendy objedn\u00e1vkov\u00e9ho syst\u00e9mu \u2013 5 rokov<\/li>\n<li>ostatn\u00e9 agendy \u2013 pod\u013ea registrat\u00farneho pl\u00e1nu<\/li>\n<\/ol>\n<p>&nbsp;<\/p>\n<ol>\n<li><strong> Pou\u010denie o&nbsp;pr\u00e1vach dotknutej osoby:<\/strong><\/li>\n<\/ol>\n<p><strong>Pr\u00e1vo na pr\u00edstup k \u00fadajom<\/strong><br \/>\nM\u00e1te pr\u00e1vo z\u00edska\u0165 inform\u00e1cie o spracovan\u00ed va\u0161ich osobn\u00fdch \u00fadajov. Ak sprac\u00favame va\u0161e \u00fadaje, m\u00f4\u017eete po\u017eiada\u0165 o pr\u00edstup k nim. Na va\u0161u \u017eiados\u0165 v\u00e1m poskytneme potvrdenie s podrobn\u00fdmi inform\u00e1ciami o spracovan\u00ed va\u0161ich osobn\u00fdch \u00fadajov na\u0161ou spolo\u010dnos\u0165ou.<\/p>\n<p><strong>&nbsp;<\/strong><\/p>\n<p><strong>Pr\u00e1vo na opravu<\/strong><\/p>\n<p>M\u00e1te pr\u00e1vo po\u017eadova\u0165, aby boli va\u0161e osobn\u00e9 \u00fadaje, ktor\u00e9 sprac\u00favame, spr\u00e1vne, aktu\u00e1lne a \u00fapln\u00e9. Ak s\u00fa va\u0161e \u00fadaje nepresn\u00e9 alebo zastaran\u00e9, m\u00f4\u017eete n\u00e1s po\u017eiada\u0165 o ich opravu alebo doplnenie.<\/p>\n<p><strong>Pr\u00e1vo na vymazanie (\u201epr\u00e1vo by\u0165 zabudnut\u00fd\u201c)<\/strong><br \/>\nZa ur\u010dit\u00fdch okolnost\u00ed m\u00e1te pr\u00e1vo po\u017eiada\u0165 o vymazanie va\u0161ich osobn\u00fdch \u00fadajov. Va\u0161e \u00fadaje vyma\u017eeme, ak:<\/p>\n<ul>\n<li>u\u017e nie s\u00fa potrebn\u00e9 na \u00fa\u010dely, na ktor\u00e9 boli z\u00edskan\u00e9,<\/li>\n<li>odvol\u00e1te svoj s\u00fahlas so spracovan\u00edm,<\/li>\n<li>pod\u00e1te n\u00e1mietku proti spracovaniu,<\/li>\n<li>\u00fadaje boli spracovan\u00e9 nez\u00e1konne,<\/li>\n<li>\u00fadaje musia by\u0165 vymazan\u00e9 na splnenie z\u00e1konnej povinnosti,<\/li>\n<li>ide o osobn\u00e9 \u00fadaje die\u0165a\u0165a, ktor\u00e9 poskytlo s\u00fahlas prostredn\u00edctvom internetu.<\/li>\n<\/ul>\n<p><strong>&nbsp;<\/strong><\/p>\n<p><strong>Pr\u00e1vo na obmedzenie sprac\u00favania<\/strong><\/p>\n<p>M\u00f4\u017eete n\u00e1s po\u017eiada\u0165 o obmedzenie sprac\u00favania va\u0161ich osobn\u00fdch \u00fadajov. Ak va\u0161ej \u017eiadosti vyhovieme, va\u0161e \u00fadaje budeme uchov\u00e1va\u0165 bez ich \u010fal\u0161ieho spracovania a\u017e do vyrie\u0161enia va\u0161ej po\u017eiadavky. K obmedzeniu spracovania d\u00f4jde, ak:<\/p>\n<ul>\n<li>spochybn\u00edte spr\u00e1vnos\u0165 va\u0161ich \u00fadajov, a to do ich overenia,<\/li>\n<li>\u00fadaje boli spracovan\u00e9 nez\u00e1konne, ale namiesto ich vymazania po\u017eadujete obmedzenie,<\/li>\n<li>\u00fadaje u\u017e nepotrebujeme, ale vy ich potrebujete na uplatnenie alebo obhajovanie svojich pr\u00e1v,<\/li>\n<li>pod\u00e1te n\u00e1mietku proti spracovaniu a \u010dak\u00e1 sa na overenie, \u010di opr\u00e1vnen\u00e9 d\u00f4vody preva\u017euj\u00fa nad va\u0161imi.<\/li>\n<\/ul>\n<p><strong>Pr\u00e1vo na prenosnos\u0165 \u00fadajov<\/strong><\/p>\n<p>M\u00e1te pr\u00e1vo po\u017eiada\u0165 o svoje osobn\u00e9 \u00fadaje v elektronickom form\u00e1te, aby ste ich mohli jednoducho prenies\u0165 do in\u00e9ho syst\u00e9mu. M\u00f4\u017eete tie\u017e po\u017eiada\u0165, aby sme va\u0161e \u00fadaje preniesli priamo k inej spolo\u010dnosti. Va\u0161ej \u017eiadosti vyhovieme, ak ste n\u00e1m \u00fadaje poskytli priamo vy a s\u00fahlasili ste s ich spracovan\u00edm.<\/p>\n<p>&nbsp;<\/p>\n<p><strong>Pr\u00e1vo namieta\u0165<\/strong><\/p>\n<p>M\u00e1te pr\u00e1vo namieta\u0165 proti spracovaniu va\u0161ich osobn\u00fdch \u00fadajov, ak s\u00fa tieto sprac\u00favan\u00e9 na \u00fa\u010dely priameho marketingu. V pr\u00edpade n\u00e1mietky va\u0161e \u00fadaje vyma\u017eeme. Ak s\u00fa va\u0161e \u00fadaje spracov\u00e1van\u00e9 na \u00fa\u010dely verejn\u00e9ho z\u00e1ujmu alebo na z\u00e1klade opr\u00e1vnen\u00e9ho z\u00e1ujmu na\u0161ej spolo\u010dnosti, m\u00f4\u017eete namieta\u0165 ich spracovanie, ak na to m\u00e1te osobn\u00e9 d\u00f4vody.<\/p>\n<p>&nbsp;<\/p>\n<p><strong>&nbsp;<\/strong><\/p>\n<p><strong>Pr\u00e1vo poda\u0165 n\u00e1vrh na za\u010datie konania o ochrane osobn\u00fdch \u00fadajov<\/strong><\/p>\n<p>Ako dotknut\u00e1 osoba m\u00e1te pr\u00e1vo poda\u0165 n\u00e1vrh na za\u010datie konania o ochrane osobn\u00fdch \u00fadajov na \u00darade na ochranu osobn\u00fdch \u00fadajov Slovenskej republiky, ak sa domnievate, \u017ee va\u0161e osobn\u00e9 \u00fadaje s\u00fa spracov\u00e1van\u00e9 nez\u00e1konne alebo v rozpore s va\u0161imi pr\u00e1vami.<\/p>\n<p>\u00darad na ochranu osobn\u00fdch \u00fadajov Slovenskej republiky<br \/>\nHrani\u010dn\u00e1 12<br \/>\n820 07 Bratislava 27<br \/>\nSlovensk\u00e1 republika<br \/>\n<a href=\"https:\/\/dataprotection.gov.sk\/sk\/prevadzkovatelia\/oznamenie-poruseni-ochrany-osobnych-udajov\">https:\/\/dataprotection.gov.sk\/sk\/prevadzkovatelia\/oznamenie-poruseni-ochrany-osobnych-udajov<\/a><\/p>\n<p><strong>&nbsp;<\/strong><\/p>\n<p><strong>Uplatnenie pr\u00e1v<\/strong><\/p>\n<p>V\u0161etky uveden\u00e9 pr\u00e1va si m\u00f4\u017eete uplatni\u0165 odoslan\u00edm e-mailu na adresu DPO@zelenysen.sk alebo p\u00edsomne na adrese Zelen\u00fd sen , s.r.o. Cesta k nemocnici 1\/B, 974 01 Bansk\u00e1 Bystrica[\/vc_column_text][\/vc_column_inner][\/vc_row_inner][\/vc_column][\/vc_row]<\/p>\n<\/div>","protected":false},"excerpt":{"rendered":"<p>[vc_row css=&#8220;.vc_custom_1608571881011{margin-top: -50px !important;border-top-width: 1px !important;border-right-width: 1px !important;border-bottom-width: 1px !important;border-left-width: 1px !important;padding-top: 0px !important;background-color: #ffffff !important;border-left-color: #d9deda !important;border-left-style: solid !important;border-right-color: #d9deda !important;border-right-style: solid !important;border-top-color: #d9deda !important;border-top-style: solid !important;border-bottom-color: #d9deda !important;border-bottom-style: solid !important;border-radius: 5px !important;}&#8220;][vc_column css=&#8220;.vc_custom_1608560194424{margin-top: 0px !important;margin-bottom: 0px !important;border-top-width: 0px !important;border-bottom-width: 0px !important;padding-top: 0px !important;padding-bottom: 0px !important;}&#8220;][vc_row_inner css=&#8220;.vc_custom_1608560000949{margin-top: 0px !important;border-top-width: 0px !important;border-bottom-width: 1px !important;padding-top: 0px&hellip;<\/p>\n","protected":false},"author":1,"featured_media":0,"parent":28,"menu_order":0,"comment_status":"closed","ping_status":"closed","template":"","meta":{"footnotes":""},"class_list":["post-1238","page","type-page","status-publish","hentry","description-off"],"yoast_head":"<!-- This site is optimized with the Yoast SEO plugin v24.6 - https:\/\/yoast.com\/wordpress\/plugins\/seo\/ -->\n<title><\/title>\n<meta name=\"robots\" content=\"index, follow, max-snippet:-1, max-image-preview:large, max-video-preview:-1\" \/>\n<link rel=\"canonical\" href=\"https:\/\/www.zelenysen.sk\/informacie\/gdpr\/\" \/>\n<meta property=\"og:locale\" content=\"de_DE\" \/>\n<meta property=\"og:type\" content=\"article\" \/>\n<meta property=\"og:title\" content=\"[:sk]GDPR[:] - Zelen\u00fd Sen\" \/>\n<meta property=\"og:description\" content=\"[vc_row css=&#8220;.vc_custom_1608571881011{margin-top: -50px !important;border-top-width: 1px !important;border-right-width: 1px !important;border-bottom-width: 1px !important;border-left-width: 1px !important;padding-top: 0px !important;background-color: #ffffff !important;border-left-color: #d9deda !important;border-left-style: solid !important;border-right-color: #d9deda !important;border-right-style: solid !important;border-top-color: #d9deda !important;border-top-style: solid !important;border-bottom-color: #d9deda !important;border-bottom-style: solid !important;border-radius: 5px !important;}&#8220;][vc_column css=&#8220;.vc_custom_1608560194424{margin-top: 0px !important;margin-bottom: 0px !important;border-top-width: 0px !important;border-bottom-width: 0px !important;padding-top: 0px !important;padding-bottom: 0px !important;}&#8220;][vc_row_inner css=&#8220;.vc_custom_1608560000949{margin-top: 0px !important;border-top-width: 0px !important;border-bottom-width: 1px !important;padding-top: 0px&hellip;\" \/>\n<meta property=\"og:url\" content=\"https:\/\/www.zelenysen.sk\/informacie\/gdpr\/\" \/>\n<meta property=\"og:site_name\" content=\"Zelen\u00fd Sen\" \/>\n<meta property=\"article:modified_time\" content=\"2026-03-30T14:23:00+00:00\" \/>\n<meta name=\"twitter:card\" content=\"summary_large_image\" \/>\n<meta name=\"twitter:label1\" content=\"Gesch\u00e4tzte Lesezeit\" \/>\n\t<meta name=\"twitter:data1\" content=\"7\u00a0Minuten\" \/>\n<script type=\"application\/ld+json\" class=\"yoast-schema-graph\">{\"@context\":\"https:\/\/schema.org\",\"@graph\":[{\"@type\":\"WebPage\",\"@id\":\"https:\/\/www.zelenysen.sk\/informacie\/gdpr\/\",\"url\":\"https:\/\/www.zelenysen.sk\/informacie\/gdpr\/\",\"name\":\"[:sk]GDPR[:] - Zelen\u00fd Sen\",\"isPartOf\":{\"@id\":\"https:\/\/www.zelenysen.sk\/#website\"},\"datePublished\":\"2025-02-06T15:22:17+00:00\",\"dateModified\":\"2026-03-30T14:23:00+00:00\",\"breadcrumb\":{\"@id\":\"https:\/\/www.zelenysen.sk\/informacie\/gdpr\/#breadcrumb\"},\"inLanguage\":\"de\",\"potentialAction\":[{\"@type\":\"ReadAction\",\"target\":[\"https:\/\/www.zelenysen.sk\/informacie\/gdpr\/\"]}]},{\"@type\":\"BreadcrumbList\",\"@id\":\"https:\/\/www.zelenysen.sk\/informacie\/gdpr\/#breadcrumb\",\"itemListElement\":[{\"@type\":\"ListItem\",\"position\":1,\"name\":\"Domovsk\u00e1 str\u00e1nka\",\"item\":\"https:\/\/www.zelenysen.sk\/\"},{\"@type\":\"ListItem\",\"position\":2,\"name\":\"Inform\u00e1cie\",\"item\":\"https:\/\/www.zelenysen.sk\/informacie\/\"},{\"@type\":\"ListItem\",\"position\":3,\"name\":\"GDPR\"}]},{\"@type\":\"WebSite\",\"@id\":\"https:\/\/www.zelenysen.sk\/#website\",\"url\":\"https:\/\/www.zelenysen.sk\/\",\"name\":\"Zelen\u00fd Sen\",\"description\":\"\",\"potentialAction\":[{\"@type\":\"SearchAction\",\"target\":{\"@type\":\"EntryPoint\",\"urlTemplate\":\"https:\/\/www.zelenysen.sk\/?s={search_term_string}\"},\"query-input\":{\"@type\":\"PropertyValueSpecification\",\"valueRequired\":true,\"valueName\":\"search_term_string\"}}],\"inLanguage\":\"de\"}]}<\/script>\n<!-- \/ Yoast SEO plugin. -->","yoast_head_json":{"title":"[:sk]GDPR[:] - Zelen\u00fd Sen","robots":{"index":"index","follow":"follow","max-snippet":"max-snippet:-1","max-image-preview":"max-image-preview:large","max-video-preview":"max-video-preview:-1"},"canonical":"https:\/\/www.zelenysen.sk\/informacie\/gdpr\/","og_locale":"de_DE","og_type":"article","og_title":"[:sk]GDPR[:] - Zelen\u00fd Sen","og_description":"[vc_row css=&#8220;.vc_custom_1608571881011{margin-top: -50px !important;border-top-width: 1px !important;border-right-width: 1px !important;border-bottom-width: 1px !important;border-left-width: 1px !important;padding-top: 0px !important;background-color: #ffffff !important;border-left-color: #d9deda !important;border-left-style: solid !important;border-right-color: #d9deda !important;border-right-style: solid !important;border-top-color: #d9deda !important;border-top-style: solid !important;border-bottom-color: #d9deda !important;border-bottom-style: solid !important;border-radius: 5px !important;}&#8220;][vc_column css=&#8220;.vc_custom_1608560194424{margin-top: 0px !important;margin-bottom: 0px !important;border-top-width: 0px !important;border-bottom-width: 0px !important;padding-top: 0px !important;padding-bottom: 0px !important;}&#8220;][vc_row_inner css=&#8220;.vc_custom_1608560000949{margin-top: 0px !important;border-top-width: 0px !important;border-bottom-width: 1px !important;padding-top: 0px&hellip;","og_url":"https:\/\/www.zelenysen.sk\/informacie\/gdpr\/","og_site_name":"Zelen\u00fd Sen","article_modified_time":"2026-03-30T14:23:00+00:00","twitter_card":"summary_large_image","twitter_misc":{"Gesch\u00e4tzte Lesezeit":"7\u00a0Minuten"},"schema":{"@context":"https:\/\/schema.org","@graph":[{"@type":"WebPage","@id":"https:\/\/www.zelenysen.sk\/informacie\/gdpr\/","url":"https:\/\/www.zelenysen.sk\/informacie\/gdpr\/","name":"[:sk]GDPR[:] - Zelen\u00fd Sen","isPartOf":{"@id":"https:\/\/www.zelenysen.sk\/#website"},"datePublished":"2025-02-06T15:22:17+00:00","dateModified":"2026-03-30T14:23:00+00:00","breadcrumb":{"@id":"https:\/\/www.zelenysen.sk\/informacie\/gdpr\/#breadcrumb"},"inLanguage":"de","potentialAction":[{"@type":"ReadAction","target":["https:\/\/www.zelenysen.sk\/informacie\/gdpr\/"]}]},{"@type":"BreadcrumbList","@id":"https:\/\/www.zelenysen.sk\/informacie\/gdpr\/#breadcrumb","itemListElement":[{"@type":"ListItem","position":1,"name":"Domovsk\u00e1 str\u00e1nka","item":"https:\/\/www.zelenysen.sk\/"},{"@type":"ListItem","position":2,"name":"Inform\u00e1cie","item":"https:\/\/www.zelenysen.sk\/informacie\/"},{"@type":"ListItem","position":3,"name":"GDPR"}]},{"@type":"WebSite","@id":"https:\/\/www.zelenysen.sk\/#website","url":"https:\/\/www.zelenysen.sk\/","name":"Zelen\u00fd Sen","description":"","potentialAction":[{"@type":"SearchAction","target":{"@type":"EntryPoint","urlTemplate":"https:\/\/www.zelenysen.sk\/?s={search_term_string}"},"query-input":{"@type":"PropertyValueSpecification","valueRequired":true,"valueName":"search_term_string"}}],"inLanguage":"de"}]}},"_links":{"self":[{"href":"https:\/\/www.zelenysen.sk\/de\/wp-json\/wp\/v2\/pages\/1238","targetHints":{"allow":["GET"]}}],"collection":[{"href":"https:\/\/www.zelenysen.sk\/de\/wp-json\/wp\/v2\/pages"}],"about":[{"href":"https:\/\/www.zelenysen.sk\/de\/wp-json\/wp\/v2\/types\/page"}],"author":[{"embeddable":true,"href":"https:\/\/www.zelenysen.sk\/de\/wp-json\/wp\/v2\/users\/1"}],"replies":[{"embeddable":true,"href":"https:\/\/www.zelenysen.sk\/de\/wp-json\/wp\/v2\/comments?post=1238"}],"version-history":[{"count":3,"href":"https:\/\/www.zelenysen.sk\/de\/wp-json\/wp\/v2\/pages\/1238\/revisions"}],"predecessor-version":[{"id":1508,"href":"https:\/\/www.zelenysen.sk\/de\/wp-json\/wp\/v2\/pages\/1238\/revisions\/1508"}],"up":[{"embeddable":true,"href":"https:\/\/www.zelenysen.sk\/de\/wp-json\/wp\/v2\/pages\/28"}],"wp:attachment":[{"href":"https:\/\/www.zelenysen.sk\/de\/wp-json\/wp\/v2\/media?parent=1238"}],"curies":[{"name":"wp","href":"https:\/\/api.w.org\/{rel}","templated":true}]}}